{"id":92,"date":"2022-02-17T11:14:12","date_gmt":"2022-02-17T11:14:12","guid":{"rendered":"https:\/\/demo.artureanec.com\/themes\/industrium\/?page_id=92"},"modified":"2024-03-18T17:02:59","modified_gmt":"2024-03-18T17:02:59","slug":"contact","status":"publish","type":"page","link":"https:\/\/teks-park.com\/tr\/contact\/","title":{"rendered":"\u0130leti\u015fim"},"content":{"rendered":"<div data-elementor-type=\"wp-page\" data-elementor-id=\"92\" class=\"elementor elementor-92\">\n\t\t\t\t\t\t<section class=\"elementor-section elementor-top-section elementor-element elementor-element-5250112 elementor-section-stretched elementor-section-boxed elementor-section-height-default elementor-section-height-default\" data-id=\"5250112\" data-element_type=\"section\" data-settings=\"{&quot;stretch_section&quot;:&quot;section-stretched&quot;,&quot;background_background&quot;:&quot;classic&quot;}\">\n\t\t\t\t\t\t\t<div class=\"elementor-background-overlay\"><\/div>\n\t\t\t\t\t\t\t<div class=\"elementor-container elementor-column-gap-wide\">\n\t\t\t\t\t<div class=\"elementor-column elementor-col-100 elementor-top-column elementor-element elementor-element-bef3106\" data-id=\"bef3106\" data-element_type=\"column\">\n\t\t\t<div class=\"elementor-widget-wrap elementor-element-populated\">\n\t\t\t\t\t\t<div class=\"elementor-element elementor-element-c9b8ff2 elementor-widget elementor-widget-industrium_heading\" data-id=\"c9b8ff2\" data-element_type=\"widget\" data-widget_type=\"industrium_heading.default\">\n\t\t\t\t<div class=\"elementor-widget-container\">\n\t\t\t\t\t<div class=\"industrium-heading-widget\"><h2 class=\"industrium-heading\"><span class=\"industrium-subheading\">\u0130leti\u015fim<\/span><span class=\"industrium-heading-content\">Size yard\u0131m etmeye ve<br \/>sorular\u0131n\u0131z\u0131 cevaplamaya<br \/>her zaman haz\u0131r\u0131z.<\/span><\/h2><\/div>\t\t\t\t<\/div>\n\t\t\t\t<\/div>\n\t\t\t\t<section class=\"elementor-section elementor-inner-section elementor-element elementor-element-3bcf541 elementor-section-boxed elementor-section-height-default elementor-section-height-default\" data-id=\"3bcf541\" data-element_type=\"section\">\n\t\t\t\t\t\t<div class=\"elementor-container elementor-column-gap-default\">\n\t\t\t\t\t<div class=\"elementor-column elementor-col-50 elementor-inner-column elementor-element elementor-element-a13b812\" data-id=\"a13b812\" data-element_type=\"column\">\n\t\t\t<div class=\"elementor-widget-wrap elementor-element-populated\">\n\t\t\t\t\t\t<div class=\"elementor-element elementor-element-9b999be elementor-widget elementor-widget-industrium_heading\" data-id=\"9b999be\" data-element_type=\"widget\" data-widget_type=\"industrium_heading.default\">\n\t\t\t\t<div class=\"elementor-widget-container\">\n\t\t\t\t\t<div class=\"industrium-heading-widget\"><h5 class=\"industrium-heading\"><span class=\"industrium-heading-content\">Ofis<\/span><\/h5><\/div>\t\t\t\t<\/div>\n\t\t\t\t<\/div>\n\t\t\t\t<div class=\"elementor-element elementor-element-b0591bf elementor-widget elementor-widget-text-editor\" data-id=\"b0591bf\" data-element_type=\"widget\" data-widget_type=\"text-editor.default\">\n\t\t\t\t<div class=\"elementor-widget-container\">\n\t\t\t\t\t\t\t\t\t<p>Ak\u00e7aburgaz Mh. 3135. Sk. No:7\/4 Esenyurt \/ \u0130stanbul \/ T\u00fcrkiye<\/p>\t\t\t\t\t\t\t\t<\/div>\n\t\t\t\t<\/div>\n\t\t\t\t<div class=\"elementor-element elementor-element-0167415 elementor-widget elementor-widget-spacer\" data-id=\"0167415\" data-element_type=\"widget\" data-widget_type=\"spacer.default\">\n\t\t\t\t<div class=\"elementor-widget-container\">\n\t\t\t\t\t\t\t<div class=\"elementor-spacer\">\n\t\t\t<div class=\"elementor-spacer-inner\"><\/div>\n\t\t<\/div>\n\t\t\t\t\t\t<\/div>\n\t\t\t\t<\/div>\n\t\t\t\t<div class=\"elementor-element elementor-element-50aa74c elementor-widget elementor-widget-industrium_heading\" data-id=\"50aa74c\" data-element_type=\"widget\" data-widget_type=\"industrium_heading.default\">\n\t\t\t\t<div class=\"elementor-widget-container\">\n\t\t\t\t\t<div class=\"industrium-heading-widget\"><h5 class=\"industrium-heading\"><span class=\"industrium-heading-content\">Fabrika<\/span><\/h5><\/div>\t\t\t\t<\/div>\n\t\t\t\t<\/div>\n\t\t\t\t<div class=\"elementor-element elementor-element-0606c59 elementor-widget elementor-widget-text-editor\" data-id=\"0606c59\" data-element_type=\"widget\" data-widget_type=\"text-editor.default\">\n\t\t\t\t<div class=\"elementor-widget-container\">\n\t\t\t\t\t\t\t\t\t<p>\u00c7\u0131nar Mh. Fatih Cad. 71\/1<br \/>\u00c7ayba\u015f\u0131 \/ Ordu \/ T\u00fcrkiye<\/p>\t\t\t\t\t\t\t\t<\/div>\n\t\t\t\t<\/div>\n\t\t\t\t\t<\/div>\n\t\t<\/div>\n\t\t\t\t<div class=\"elementor-column elementor-col-50 elementor-inner-column elementor-element elementor-element-55d71e7\" data-id=\"55d71e7\" data-element_type=\"column\">\n\t\t\t<div class=\"elementor-widget-wrap elementor-element-populated\">\n\t\t\t\t\t\t<div class=\"elementor-element elementor-element-1db726b elementor-widget elementor-widget-industrium_heading\" data-id=\"1db726b\" data-element_type=\"widget\" data-widget_type=\"industrium_heading.default\">\n\t\t\t\t<div class=\"elementor-widget-container\">\n\t\t\t\t\t<div class=\"industrium-heading-widget\"><h5 class=\"industrium-heading\"><span class=\"industrium-heading-content\">Telefon<\/span><\/h5><\/div>\t\t\t\t<\/div>\n\t\t\t\t<\/div>\n\t\t\t\t<div class=\"elementor-element elementor-element-c0f9d6a elementor-widget elementor-widget-text-editor\" data-id=\"c0f9d6a\" data-element_type=\"widget\" data-widget_type=\"text-editor.default\">\n\t\t\t\t<div class=\"elementor-widget-container\">\n\t\t\t\t\t\t\t\t\t<p><span style=\"color: #000000;\"><a style=\"color: #000000;\" href=\"tel:+902126970358\">+90 212 697 03 58<\/a><\/span><br \/><span style=\"color: #000000;\"><a style=\"color: #000000;\" href=\"tel:+902126983658\">+90 212 698 36 58<\/a><\/span><\/p>\t\t\t\t\t\t\t\t<\/div>\n\t\t\t\t<\/div>\n\t\t\t\t<div class=\"elementor-element elementor-element-7c8f94d elementor-widget elementor-widget-industrium_heading\" data-id=\"7c8f94d\" data-element_type=\"widget\" data-widget_type=\"industrium_heading.default\">\n\t\t\t\t<div class=\"elementor-widget-container\">\n\t\t\t\t\t<div class=\"industrium-heading-widget\"><h5 class=\"industrium-heading\"><span class=\"industrium-heading-content\">E-posta<\/span><\/h5><\/div>\t\t\t\t<\/div>\n\t\t\t\t<\/div>\n\t\t\t\t<div class=\"elementor-element elementor-element-68ba950 elementor-widget elementor-widget-text-editor\" data-id=\"68ba950\" data-element_type=\"widget\" data-widget_type=\"text-editor.default\">\n\t\t\t\t<div class=\"elementor-widget-container\">\n\t\t\t\t\t\t\t\t\t<p>Bizimle \u00e7al\u0131\u015fmak ister misiniz?<br \/><span style=\"color: #000000;\"><a style=\"text-decoration: underline; color: #000000;\" href=\"mailto:info@teks-park.com\">info@teks-park.com<\/a><\/span><\/p>\t\t\t\t\t\t\t\t<\/div>\n\t\t\t\t<\/div>\n\t\t\t\t\t<\/div>\n\t\t<\/div>\n\t\t\t\t\t<\/div>\n\t\t<\/section>\n\t\t\t\t<div class=\"elementor-element elementor-element-ab46296 elementor-widget elementor-widget-industrium_special_text\" data-id=\"ab46296\" data-element_type=\"widget\" data-widget_type=\"industrium_special_text.default\">\n\t\t\t\t<div class=\"elementor-widget-container\">\n\t\t\t\t\t<div class=\"special-text special-text-effect-stroke\">Teks-Park<\/div>\t\t\t\t<\/div>\n\t\t\t\t<\/div>\n\t\t\t\t\t<\/div>\n\t\t<\/div>\n\t\t\t\t\t<\/div>\n\t\t<\/section>\n\t\t\t\t<section class=\"elementor-section elementor-top-section elementor-element elementor-element-3bdf5b6 elementor-section-boxed elementor-section-height-default elementor-section-height-default\" data-id=\"3bdf5b6\" data-element_type=\"section\">\n\t\t\t\t\t\t<div class=\"elementor-container elementor-column-gap-default\">\n\t\t\t\t\t<div class=\"elementor-column elementor-col-100 elementor-top-column elementor-element elementor-element-3a0f495\" data-id=\"3a0f495\" data-element_type=\"column\">\n\t\t\t<div class=\"elementor-widget-wrap elementor-element-populated\">\n\t\t\t\t\t\t<div class=\"elementor-element elementor-element-255f515 elementor-widget elementor-widget-google_maps\" data-id=\"255f515\" data-element_type=\"widget\" data-widget_type=\"google_maps.default\">\n\t\t\t\t<div class=\"elementor-widget-container\">\n\t\t\t\t\t\t\t<div class=\"elementor-custom-embed\">\n\t\t\t<iframe loading=\"lazy\"\n\t\t\t\t\tsrc=\"https:\/\/maps.google.com\/maps?q=Tekspark%20Di%C5%9F%20Ticaret%20Tekstil%20Sanayi%20Anonim%20%C5%9Eirketi&#038;t=m&#038;z=10&#038;output=embed&#038;iwloc=near\"\n\t\t\t\t\ttitle=\"Tekspark Di\u015f Ticaret Tekstil Sanayi Anonim \u015eirketi\"\n\t\t\t\t\taria-label=\"Tekspark Di\u015f Ticaret Tekstil Sanayi Anonim \u015eirketi\"\n\t\t\t><\/iframe>\n\t\t<\/div>\n\t\t\t\t\t\t<\/div>\n\t\t\t\t<\/div>\n\t\t\t\t\t<\/div>\n\t\t<\/div>\n\t\t\t\t\t<\/div>\n\t\t<\/section>\n\t\t\t\t<\/div>","protected":false},"excerpt":{"rendered":"<p>Ak\u00e7aburgaz Mh. 3135. Sk. No:7\/4 Esenyurt \/ \u0130stanbul \/ T\u00fcrkiye \u00c7\u0131nar Mh. Fatih Cad. 71\/1\u00c7ayba\u015f\u0131 \/ Ordu \/ T\u00fcrkiye +90 212 697 03 58+90 212 698 36 58 Interested in working with us?info@teks-park.com<\/p>","protected":false},"author":1,"featured_media":16076,"parent":0,"menu_order":0,"comment_status":"closed","ping_status":"closed","template":"","meta":{"footnotes":""},"aioseo_notices":[],"_links":{"self":[{"href":"https:\/\/teks-park.com\/tr\/wp-json\/wp\/v2\/pages\/92"}],"collection":[{"href":"https:\/\/teks-park.com\/tr\/wp-json\/wp\/v2\/pages"}],"about":[{"href":"https:\/\/teks-park.com\/tr\/wp-json\/wp\/v2\/types\/page"}],"author":[{"embeddable":true,"href":"https:\/\/teks-park.com\/tr\/wp-json\/wp\/v2\/users\/1"}],"replies":[{"embeddable":true,"href":"https:\/\/teks-park.com\/tr\/wp-json\/wp\/v2\/comments?post=92"}],"version-history":[{"count":34,"href":"https:\/\/teks-park.com\/tr\/wp-json\/wp\/v2\/pages\/92\/revisions"}],"predecessor-version":[{"id":16901,"href":"https:\/\/teks-park.com\/tr\/wp-json\/wp\/v2\/pages\/92\/revisions\/16901"}],"wp:featuredmedia":[{"embeddable":true,"href":"https:\/\/teks-park.com\/tr\/wp-json\/wp\/v2\/media\/16076"}],"wp:attachment":[{"href":"https:\/\/teks-park.com\/tr\/wp-json\/wp\/v2\/media?parent=92"}],"curies":[{"name":"wp","href":"https:\/\/api.w.org\/{rel}","templated":true}]}}