{"id":6606,"date":"2022-09-14T16:33:24","date_gmt":"2022-09-14T16:33:24","guid":{"rendered":"https:\/\/demo.artureanec.com\/themes\/industrium\/?page_id=6606"},"modified":"2024-01-25T08:37:10","modified_gmt":"2024-01-25T08:37:10","slug":"sustainability","status":"publish","type":"page","link":"https:\/\/teks-park.com\/tr\/sustainability\/","title":{"rendered":"S\u00fcrd\u00fcr\u00fclebilirlik"},"content":{"rendered":"<div data-elementor-type=\"wp-page\" data-elementor-id=\"6606\" class=\"elementor elementor-6606\">\n\t\t\t\t\t\t<section class=\"elementor-section elementor-top-section elementor-element elementor-element-62b9b27 elementor-section-boxed elementor-section-height-default elementor-section-height-default\" data-id=\"62b9b27\" data-element_type=\"section\">\n\t\t\t\t\t\t<div class=\"elementor-container elementor-column-gap-wide\">\n\t\t\t\t\t<div class=\"elementor-column elementor-col-50 elementor-top-column elementor-element elementor-element-71df9cd\" data-id=\"71df9cd\" data-element_type=\"column\">\n\t\t\t<div class=\"elementor-widget-wrap elementor-element-populated\">\n\t\t\t\t\t\t<div class=\"elementor-element elementor-element-143d0ed elementor-widget elementor-widget-image\" data-id=\"143d0ed\" data-element_type=\"widget\" data-widget_type=\"image.default\">\n\t\t\t\t<div class=\"elementor-widget-container\">\n\t\t\t\t\t\t\t\t\t\t\t\t\t\t\t<img fetchpriority=\"high\" decoding=\"async\" width=\"1024\" height=\"674\" src=\"https:\/\/teks-park.com\/wp-content\/uploads\/2024\/01\/slider-22-1024x674.jpg\" class=\"attachment-large size-large wp-image-16095\" alt=\"\" srcset=\"https:\/\/teks-park.com\/wp-content\/uploads\/2024\/01\/slider-22-1024x674.jpg 1024w, https:\/\/teks-park.com\/wp-content\/uploads\/2024\/01\/slider-22-300x197.jpg 300w, https:\/\/teks-park.com\/wp-content\/uploads\/2024\/01\/slider-22-768x505.jpg 768w, https:\/\/teks-park.com\/wp-content\/uploads\/2024\/01\/slider-22-1536x1011.jpg 1536w, https:\/\/teks-park.com\/wp-content\/uploads\/2024\/01\/slider-22-600x395.jpg 600w, https:\/\/teks-park.com\/wp-content\/uploads\/2024\/01\/slider-22.jpg 2000w\" sizes=\"(max-width: 1024px) 100vw, 1024px\" \/>\t\t\t\t\t\t\t\t\t\t\t\t\t\t\t<\/div>\n\t\t\t\t<\/div>\n\t\t\t\t\t<\/div>\n\t\t<\/div>\n\t\t\t\t<div class=\"elementor-column elementor-col-50 elementor-top-column elementor-element elementor-element-8f1ab03\" data-id=\"8f1ab03\" data-element_type=\"column\">\n\t\t\t<div class=\"elementor-widget-wrap elementor-element-populated\">\n\t\t\t\t\t\t<div class=\"elementor-element elementor-element-b45a2d1 elementor-widget elementor-widget-industrium_heading\" data-id=\"b45a2d1\" data-element_type=\"widget\" data-widget_type=\"industrium_heading.default\">\n\t\t\t\t<div class=\"elementor-widget-container\">\n\t\t\t\t\t<div class=\"industrium-heading-widget\"><h2 class=\"industrium-heading\"><span class=\"industrium-heading-content\">S\u00fcrd\u00fcr\u00fclebilirlik<\/span><\/h2><\/div>\t\t\t\t<\/div>\n\t\t\t\t<\/div>\n\t\t\t\t<div class=\"elementor-element elementor-element-f80f6d5 elementor-widget elementor-widget-text-editor\" data-id=\"f80f6d5\" data-element_type=\"widget\" data-widget_type=\"text-editor.default\">\n\t\t\t\t<div class=\"elementor-widget-container\">\n\t\t\t\t\t\t\t\t\t<p>Teks-Park olarak, s\u00fcrd\u00fcr\u00fclebilirlik i\u015f felsefemizin temelidir. Kendi \u00fcretim s\u00fcre\u00e7lerimizde ve tedarik zincirimizde \u00e7evre dostu bir yakla\u015f\u0131m\u0131 te\u015fvik etmeye kararl\u0131y\u0131z.<\/p><p>Ordu'daki \u00fcretim tesislerimiz, \u00e7evresel standartlara s\u0131k\u0131 bir \u015fekilde uymakta olup, ekolojik ayak izimizi en aza indirmek i\u00e7in yenilik\u00e7i teknolojileri kullanmaktad\u0131r.<\/p><p>Malzeme tedariki konusunda sorumlu bir yakla\u015f\u0131m benimsemekte ve denim ile non-denim \u00fcr\u00fcnlerimizi \u00e7evreyi en \u00fcst d\u00fczeyde d\u00fc\u015f\u00fcnerek \u00fcretmekteyiz.<\/p><p>S\u00fcrd\u00fcr\u00fclebilirlik taahh\u00fcd\u00fcm\u00fcz\u00fc payla\u015fan tedarik\u00e7ilerle i\u015fbirli\u011fi yaparak, do\u011faya sayg\u0131 g\u00f6steren ve uzun vadeli \u00e7evresel refah\u0131 te\u015fvik eden bir tedarik zinciri olu\u015fturuyoruz.<\/p>\t\t\t\t\t\t\t\t<\/div>\n\t\t\t\t<\/div>\n\t\t\t\t\t<\/div>\n\t\t<\/div>\n\t\t\t\t\t<\/div>\n\t\t<\/section>\n\t\t\t\t<section class=\"elementor-section elementor-top-section elementor-element elementor-element-f54eff1 elementor-section-boxed elementor-section-height-default elementor-section-height-default\" data-id=\"f54eff1\" data-element_type=\"section\">\n\t\t\t\t\t\t<div class=\"elementor-container elementor-column-gap-default\">\n\t\t\t\t\t<div class=\"elementor-column elementor-col-100 elementor-top-column elementor-element elementor-element-1e40897\" data-id=\"1e40897\" data-element_type=\"column\">\n\t\t\t<div class=\"elementor-widget-wrap\">\n\t\t\t\t\t\t\t<\/div>\n\t\t<\/div>\n\t\t\t\t\t<\/div>\n\t\t<\/section>\n\t\t\t\t<section class=\"elementor-section elementor-top-section elementor-element elementor-element-74883f9 elementor-section-boxed elementor-section-height-default elementor-section-height-default\" data-id=\"74883f9\" data-element_type=\"section\">\n\t\t\t\t\t\t<div class=\"elementor-container elementor-column-gap-wide\">\n\t\t\t\t\t<div class=\"elementor-column elementor-col-50 elementor-top-column elementor-element elementor-element-c0d2216\" data-id=\"c0d2216\" data-element_type=\"column\">\n\t\t\t<div class=\"elementor-widget-wrap elementor-element-populated\">\n\t\t\t\t\t\t<div class=\"elementor-element elementor-element-825ae00 elementor-widget elementor-widget-image\" data-id=\"825ae00\" data-element_type=\"widget\" data-widget_type=\"image.default\">\n\t\t\t\t<div class=\"elementor-widget-container\">\n\t\t\t\t\t\t\t\t\t\t\t\t\t\t\t<img decoding=\"async\" width=\"1000\" height=\"667\" src=\"https:\/\/teks-park.com\/wp-content\/uploads\/2024\/01\/Gender-Equilty-1.jpg\" class=\"attachment-large size-large wp-image-16488\" alt=\"\" srcset=\"https:\/\/teks-park.com\/wp-content\/uploads\/2024\/01\/Gender-Equilty-1.jpg 1000w, https:\/\/teks-park.com\/wp-content\/uploads\/2024\/01\/Gender-Equilty-1-300x200.jpg 300w, https:\/\/teks-park.com\/wp-content\/uploads\/2024\/01\/Gender-Equilty-1-768x512.jpg 768w, https:\/\/teks-park.com\/wp-content\/uploads\/2024\/01\/Gender-Equilty-1-600x400.jpg 600w\" sizes=\"(max-width: 1000px) 100vw, 1000px\" \/>\t\t\t\t\t\t\t\t\t\t\t\t\t\t\t<\/div>\n\t\t\t\t<\/div>\n\t\t\t\t\t<\/div>\n\t\t<\/div>\n\t\t\t\t<div class=\"elementor-column elementor-col-50 elementor-top-column elementor-element elementor-element-62a7c59\" data-id=\"62a7c59\" data-element_type=\"column\">\n\t\t\t<div class=\"elementor-widget-wrap elementor-element-populated\">\n\t\t\t\t\t\t<div class=\"elementor-element elementor-element-e524f75 elementor-widget elementor-widget-industrium_heading\" data-id=\"e524f75\" data-element_type=\"widget\" data-widget_type=\"industrium_heading.default\">\n\t\t\t\t<div class=\"elementor-widget-container\">\n\t\t\t\t\t<div class=\"industrium-heading-widget\"><h2 class=\"industrium-heading\"><span class=\"industrium-heading-content\">Cinsiyet E\u015fitli\u011fi<\/span><\/h2><\/div>\t\t\t\t<\/div>\n\t\t\t\t<\/div>\n\t\t\t\t<div class=\"elementor-element elementor-element-d3b4dbc elementor-widget elementor-widget-text-editor\" data-id=\"d3b4dbc\" data-element_type=\"widget\" data-widget_type=\"text-editor.default\">\n\t\t\t\t<div class=\"elementor-widget-container\">\n\t\t\t\t\t\t\t\t\t<p>Teks-Park olarak, hem mavi yaka hem de beyaz yaka\n\u00e7al\u0131\u015fanlar i\u00e7in cinsiyet e\u015fitli\u011fini sa\u011flama\ntaahh\u00fcd\u00fcm\u00fcz bulunmaktad\u0131r. Cinsiyetten ba\u011f\u0131ms\u0131z\nolarak, t\u00fcm \u00e7al\u0131\u015fanlar \u015firket i\u00e7inde \u00f6d\u00fcller, f\u0131rsatlar ve\nkaynaklara e\u015fit eri\u015fime sahiptir, bu da benzer\nsorumluluklara sahip roller i\u00e7in adil \u00fccret ve\navantajlar\u0131 i\u00e7erir.<\/p><p>Cinsiyet e\u015fitli\u011fi taahh\u00fcd\u00fcm\u00fcz, kariyer ilerlemesi i\u00e7in\ne\u015fit f\u0131rsatlar\u0131 te\u015fvik eden politikalar\u0131m\u0131zda a\u00e7\u0131k\u00e7a\ng\u00f6r\u00fclmektedir. Herkesin ihtiya\u00e7lar\u0131n\u0131n e\u015fit derecede\ng\u00f6z \u00f6n\u00fcnde bulunduruldu\u011fu ve sayg\u0131 g\u00f6rd\u00fc\u011f\u00fc bir\n\u00e7al\u0131\u015fma ortam\u0131 sa\u011flama konusundaki taviz\nvermiyoruz.<\/p>\t\t\t\t\t\t\t\t<\/div>\n\t\t\t\t<\/div>\n\t\t\t\t\t<\/div>\n\t\t<\/div>\n\t\t\t\t\t<\/div>\n\t\t<\/section>\n\t\t\t\t<section class=\"elementor-section elementor-top-section elementor-element elementor-element-9290c2b elementor-section-boxed elementor-section-height-default elementor-section-height-default\" data-id=\"9290c2b\" data-element_type=\"section\">\n\t\t\t\t\t\t<div class=\"elementor-container elementor-column-gap-default\">\n\t\t\t\t\t<div class=\"elementor-column elementor-col-100 elementor-top-column elementor-element elementor-element-c970b29\" data-id=\"c970b29\" data-element_type=\"column\">\n\t\t\t<div class=\"elementor-widget-wrap\">\n\t\t\t\t\t\t\t<\/div>\n\t\t<\/div>\n\t\t\t\t\t<\/div>\n\t\t<\/section>\n\t\t\t\t<section class=\"elementor-section elementor-top-section elementor-element elementor-element-65c60a6 elementor-section-boxed elementor-section-height-default elementor-section-height-default\" data-id=\"65c60a6\" data-element_type=\"section\">\n\t\t\t\t\t\t<div class=\"elementor-container elementor-column-gap-wide\">\n\t\t\t\t\t<div class=\"elementor-column elementor-col-50 elementor-top-column elementor-element elementor-element-28f942a\" data-id=\"28f942a\" data-element_type=\"column\">\n\t\t\t<div class=\"elementor-widget-wrap elementor-element-populated\">\n\t\t\t\t\t\t<div class=\"elementor-element elementor-element-7fefb94 elementor-widget elementor-widget-image\" data-id=\"7fefb94\" data-element_type=\"widget\" data-widget_type=\"image.default\">\n\t\t\t\t<div class=\"elementor-widget-container\">\n\t\t\t\t\t\t\t\t\t\t\t\t\t\t\t<img decoding=\"async\" width=\"1000\" height=\"667\" src=\"https:\/\/teks-park.com\/wp-content\/uploads\/2024\/01\/Working-Conditions.jpg\" class=\"attachment-large size-large wp-image-16492\" alt=\"\" srcset=\"https:\/\/teks-park.com\/wp-content\/uploads\/2024\/01\/Working-Conditions.jpg 1000w, https:\/\/teks-park.com\/wp-content\/uploads\/2024\/01\/Working-Conditions-300x200.jpg 300w, https:\/\/teks-park.com\/wp-content\/uploads\/2024\/01\/Working-Conditions-768x512.jpg 768w, https:\/\/teks-park.com\/wp-content\/uploads\/2024\/01\/Working-Conditions-600x400.jpg 600w\" sizes=\"(max-width: 1000px) 100vw, 1000px\" \/>\t\t\t\t\t\t\t\t\t\t\t\t\t\t\t<\/div>\n\t\t\t\t<\/div>\n\t\t\t\t\t<\/div>\n\t\t<\/div>\n\t\t\t\t<div class=\"elementor-column elementor-col-50 elementor-top-column elementor-element elementor-element-005a1ce\" data-id=\"005a1ce\" data-element_type=\"column\">\n\t\t\t<div class=\"elementor-widget-wrap elementor-element-populated\">\n\t\t\t\t\t\t<div class=\"elementor-element elementor-element-02ccba0 elementor-widget elementor-widget-industrium_heading\" data-id=\"02ccba0\" data-element_type=\"widget\" data-widget_type=\"industrium_heading.default\">\n\t\t\t\t<div class=\"elementor-widget-container\">\n\t\t\t\t\t<div class=\"industrium-heading-widget\"><h2 class=\"industrium-heading\"><span class=\"industrium-heading-content\">\u00c7al\u0131\u015fma Ko\u015fullar\u0131<\/span><\/h2><\/div>\t\t\t\t<\/div>\n\t\t\t\t<\/div>\n\t\t\t\t<div class=\"elementor-element elementor-element-53f081c elementor-widget elementor-widget-text-editor\" data-id=\"53f081c\" data-element_type=\"widget\" data-widget_type=\"text-editor.default\">\n\t\t\t\t<div class=\"elementor-widget-container\">\n\t\t\t\t\t\t\t\t\t<p>Piyasadaki en iyiler aras\u0131nda yer alan deneyimli\n\u00e7al\u0131\u015fanlarla birlikteyiz. Onlar i\u00e7in g\u00fcvenli ve sa\u011fl\u0131kl\u0131\nbir \u00e7al\u0131\u015fma ortam\u0131 sunuyoruz.<\/p><p>Teks-Park olarak, i\u015f g\u00fcc\u00fcm\u00fcz\u00fcn g\u00fcvenli\u011fi ve refah\u0131\nbizim i\u00e7in \u00f6nceliktir. Kat\u0131 g\u00fcvenlik standartlar\u0131na\nuymakta ve her \u00e7al\u0131\u015fan\u0131n sa\u011fl\u0131k ve g\u00fcvenli\u011finin en\n\u00fcst \u00f6ncelik oldu\u011fu bir i\u015f yeri yaratmak i\u00e7in yat\u0131r\u0131m\nyapmaktay\u0131z.<\/p>\t\t\t\t\t\t\t\t<\/div>\n\t\t\t\t<\/div>\n\t\t\t\t\t<\/div>\n\t\t<\/div>\n\t\t\t\t\t<\/div>\n\t\t<\/section>\n\t\t\t\t<section class=\"elementor-section elementor-top-section elementor-element elementor-element-cfc49d2 elementor-section-boxed elementor-section-height-default elementor-section-height-default\" data-id=\"cfc49d2\" data-element_type=\"section\">\n\t\t\t\t\t\t<div class=\"elementor-container elementor-column-gap-default\">\n\t\t\t\t\t<div class=\"elementor-column elementor-col-100 elementor-top-column elementor-element elementor-element-6d81b73\" data-id=\"6d81b73\" data-element_type=\"column\">\n\t\t\t<div class=\"elementor-widget-wrap\">\n\t\t\t\t\t\t\t<\/div>\n\t\t<\/div>\n\t\t\t\t\t<\/div>\n\t\t<\/section>\n\t\t\t\t<section class=\"elementor-section elementor-top-section elementor-element elementor-element-e9dac7e elementor-section-boxed elementor-section-height-default elementor-section-height-default\" data-id=\"e9dac7e\" data-element_type=\"section\">\n\t\t\t\t\t\t<div class=\"elementor-container elementor-column-gap-wide\">\n\t\t\t\t\t<div class=\"elementor-column elementor-col-50 elementor-top-column elementor-element elementor-element-637597b\" data-id=\"637597b\" data-element_type=\"column\">\n\t\t\t<div class=\"elementor-widget-wrap elementor-element-populated\">\n\t\t\t\t\t\t<div class=\"elementor-element elementor-element-71ec338 elementor-widget elementor-widget-image\" data-id=\"71ec338\" data-element_type=\"widget\" data-widget_type=\"image.default\">\n\t\t\t\t<div class=\"elementor-widget-container\">\n\t\t\t\t\t\t\t\t\t\t\t\t\t\t\t<img loading=\"lazy\" decoding=\"async\" width=\"1000\" height=\"667\" src=\"https:\/\/teks-park.com\/wp-content\/uploads\/2024\/01\/timing2.jpg\" class=\"attachment-large size-large wp-image-16777\" alt=\"\" srcset=\"https:\/\/teks-park.com\/wp-content\/uploads\/2024\/01\/timing2.jpg 1000w, https:\/\/teks-park.com\/wp-content\/uploads\/2024\/01\/timing2-300x200.jpg 300w, https:\/\/teks-park.com\/wp-content\/uploads\/2024\/01\/timing2-768x512.jpg 768w, https:\/\/teks-park.com\/wp-content\/uploads\/2024\/01\/timing2-18x12.jpg 18w, https:\/\/teks-park.com\/wp-content\/uploads\/2024\/01\/timing2-600x400.jpg 600w\" sizes=\"(max-width: 1000px) 100vw, 1000px\" \/>\t\t\t\t\t\t\t\t\t\t\t\t\t\t\t<\/div>\n\t\t\t\t<\/div>\n\t\t\t\t\t<\/div>\n\t\t<\/div>\n\t\t\t\t<div class=\"elementor-column elementor-col-50 elementor-top-column elementor-element elementor-element-d1aaf61\" data-id=\"d1aaf61\" data-element_type=\"column\">\n\t\t\t<div class=\"elementor-widget-wrap elementor-element-populated\">\n\t\t\t\t\t\t<div class=\"elementor-element elementor-element-1b2fea8 elementor-widget elementor-widget-industrium_heading\" data-id=\"1b2fea8\" data-element_type=\"widget\" data-widget_type=\"industrium_heading.default\">\n\t\t\t\t<div class=\"elementor-widget-container\">\n\t\t\t\t\t<div class=\"industrium-heading-widget\"><h2 class=\"industrium-heading\"><span class=\"industrium-heading-content\">Zamanlama<\/span><\/h2><\/div>\t\t\t\t<\/div>\n\t\t\t\t<\/div>\n\t\t\t\t<div class=\"elementor-element elementor-element-37a9faf elementor-widget elementor-widget-text-editor\" data-id=\"37a9faf\" data-element_type=\"widget\" data-widget_type=\"text-editor.default\">\n\t\t\t\t<div class=\"elementor-widget-container\">\n\t\t\t\t\t\t\t\t\t<p>Teks-Park olarak, deneyimli profesyonellerimiz sadece uzmanl\u0131k getirmekle kalmaz, ayn\u0131 zamanda verimli ve h\u0131zl\u0131 operasyonlarla zamanlama taahh\u00fcd\u00fcm\u00fcze de sad\u0131k kalmam\u0131z\u0131 sa\u011flar.<\/p><p>Kalifiye ekibimizle ve s\u0131k\u0131 zamanlamalara uymak sayesinde, kaliteli sonu\u00e7lar\u0131 zaman\u0131nda teslim ediyoruz.<\/p>\t\t\t\t\t\t\t\t<\/div>\n\t\t\t\t<\/div>\n\t\t\t\t\t<\/div>\n\t\t<\/div>\n\t\t\t\t\t<\/div>\n\t\t<\/section>\n\t\t\t\t<section class=\"elementor-section elementor-top-section elementor-element elementor-element-f9f0bf3 elementor-section-boxed elementor-section-height-default elementor-section-height-default\" data-id=\"f9f0bf3\" data-element_type=\"section\">\n\t\t\t\t\t\t<div class=\"elementor-container elementor-column-gap-default\">\n\t\t\t\t\t<div class=\"elementor-column elementor-col-100 elementor-top-column elementor-element elementor-element-2ee5023\" data-id=\"2ee5023\" data-element_type=\"column\">\n\t\t\t<div class=\"elementor-widget-wrap\">\n\t\t\t\t\t\t\t<\/div>\n\t\t<\/div>\n\t\t\t\t\t<\/div>\n\t\t<\/section>\n\t\t\t\t<section class=\"elementor-section elementor-top-section elementor-element elementor-element-b0bce47 elementor-section-boxed elementor-section-height-default elementor-section-height-default\" data-id=\"b0bce47\" data-element_type=\"section\">\n\t\t\t\t\t\t<div class=\"elementor-container elementor-column-gap-wide\">\n\t\t\t\t\t<div class=\"elementor-column elementor-col-50 elementor-top-column elementor-element elementor-element-5869d7d\" data-id=\"5869d7d\" data-element_type=\"column\">\n\t\t\t<div class=\"elementor-widget-wrap elementor-element-populated\">\n\t\t\t\t\t\t<div class=\"elementor-element elementor-element-e122b96 elementor-widget elementor-widget-image\" data-id=\"e122b96\" data-element_type=\"widget\" data-widget_type=\"image.default\">\n\t\t\t\t<div class=\"elementor-widget-container\">\n\t\t\t\t\t\t\t\t\t\t\t\t\t\t\t<img loading=\"lazy\" decoding=\"async\" width=\"1000\" height=\"667\" src=\"https:\/\/teks-park.com\/wp-content\/uploads\/2024\/01\/Quality-Oriented2.jpg\" class=\"attachment-large size-large wp-image-16778\" alt=\"\" srcset=\"https:\/\/teks-park.com\/wp-content\/uploads\/2024\/01\/Quality-Oriented2.jpg 1000w, https:\/\/teks-park.com\/wp-content\/uploads\/2024\/01\/Quality-Oriented2-300x200.jpg 300w, https:\/\/teks-park.com\/wp-content\/uploads\/2024\/01\/Quality-Oriented2-768x512.jpg 768w, https:\/\/teks-park.com\/wp-content\/uploads\/2024\/01\/Quality-Oriented2-18x12.jpg 18w, https:\/\/teks-park.com\/wp-content\/uploads\/2024\/01\/Quality-Oriented2-600x400.jpg 600w\" sizes=\"(max-width: 1000px) 100vw, 1000px\" \/>\t\t\t\t\t\t\t\t\t\t\t\t\t\t\t<\/div>\n\t\t\t\t<\/div>\n\t\t\t\t\t<\/div>\n\t\t<\/div>\n\t\t\t\t<div class=\"elementor-column elementor-col-50 elementor-top-column elementor-element elementor-element-b67fd93\" data-id=\"b67fd93\" data-element_type=\"column\">\n\t\t\t<div class=\"elementor-widget-wrap elementor-element-populated\">\n\t\t\t\t\t\t<div class=\"elementor-element elementor-element-d50745a elementor-widget elementor-widget-industrium_heading\" data-id=\"d50745a\" data-element_type=\"widget\" data-widget_type=\"industrium_heading.default\">\n\t\t\t\t<div class=\"elementor-widget-container\">\n\t\t\t\t\t<div class=\"industrium-heading-widget\"><h2 class=\"industrium-heading\"><span class=\"industrium-heading-content\">Kalite Odakl\u0131<\/span><\/h2><\/div>\t\t\t\t<\/div>\n\t\t\t\t<\/div>\n\t\t\t\t<div class=\"elementor-element elementor-element-7f05aaf elementor-widget elementor-widget-text-editor\" data-id=\"7f05aaf\" data-element_type=\"widget\" data-widget_type=\"text-editor.default\">\n\t\t\t\t<div class=\"elementor-widget-container\">\n\t\t\t\t\t\t\t\t\t<p>Kalite odakl\u0131 bir yakla\u015f\u0131m ile \u00e7al\u0131\u015farak, i\u015flemlerimizin\nt\u00fcm y\u00f6nlerinde m\u00fckemmelli\u011fe \u00f6nem veriyoruz.<\/p><p>Kalite taahh\u00fcd\u00fcm\u00fcz, i\u015f k\u00fclt\u00fcr\u00fcm\u00fcze derinlemesine\ni\u015fledik ve ekibimizin her \u00fcyesinin en y\u00fcksek\nstandartlar i\u00e7in \u00e7al\u0131\u015fmas\u0131n\u0131 sa\u011fl\u0131yoruz.<\/p><p>Kalite odakl\u0131 bir zihniyeti te\u015fvik ederek, s\u00fcrekli olarak\nm\u00fckemmel sonu\u00e7lar \u00fcretiyor ve \u00fcr\u00fcnlerimizin ve\nhizmetlerimizin m\u00fc\u015fterilerimizin beklentilerini\nkar\u015f\u0131lamas\u0131n\u0131 ve a\u015fmas\u0131n\u0131 sa\u011fl\u0131yoruz.<\/p>\t\t\t\t\t\t\t\t<\/div>\n\t\t\t\t<\/div>\n\t\t\t\t\t<\/div>\n\t\t<\/div>\n\t\t\t\t\t<\/div>\n\t\t<\/section>\n\t\t\t\t<section class=\"elementor-section elementor-top-section elementor-element elementor-element-d5b6fc9 elementor-section-boxed elementor-section-height-default elementor-section-height-default\" data-id=\"d5b6fc9\" data-element_type=\"section\">\n\t\t\t\t\t\t<div class=\"elementor-container elementor-column-gap-default\">\n\t\t\t\t\t<div class=\"elementor-column elementor-col-100 elementor-top-column elementor-element elementor-element-c407406\" data-id=\"c407406\" data-element_type=\"column\">\n\t\t\t<div class=\"elementor-widget-wrap\">\n\t\t\t\t\t\t\t<\/div>\n\t\t<\/div>\n\t\t\t\t\t<\/div>\n\t\t<\/section>\n\t\t\t\t<section class=\"elementor-section elementor-top-section elementor-element elementor-element-04b4383 elementor-section-boxed elementor-section-height-default elementor-section-height-default\" data-id=\"04b4383\" data-element_type=\"section\">\n\t\t\t\t\t\t<div class=\"elementor-container elementor-column-gap-default\">\n\t\t\t\t\t<div class=\"elementor-column elementor-col-100 elementor-top-column elementor-element elementor-element-28632ca\" data-id=\"28632ca\" data-element_type=\"column\">\n\t\t\t<div class=\"elementor-widget-wrap elementor-element-populated\">\n\t\t\t\t\t\t<div class=\"elementor-element elementor-element-5a6e248 elementor-widget elementor-widget-spacer\" data-id=\"5a6e248\" data-element_type=\"widget\" data-widget_type=\"spacer.default\">\n\t\t\t\t<div class=\"elementor-widget-container\">\n\t\t\t\t\t\t\t<div class=\"elementor-spacer\">\n\t\t\t<div class=\"elementor-spacer-inner\"><\/div>\n\t\t<\/div>\n\t\t\t\t\t\t<\/div>\n\t\t\t\t<\/div>\n\t\t\t\t<div class=\"elementor-element elementor-element-c5bf7e0 elementor-widget elementor-widget-industrium_heading\" data-id=\"c5bf7e0\" data-element_type=\"widget\" data-widget_type=\"industrium_heading.default\">\n\t\t\t\t<div class=\"elementor-widget-container\">\n\t\t\t\t\t<div class=\"industrium-heading-widget\"><h2 class=\"industrium-heading\"><span class=\"industrium-subheading no-dot\">Teks-Park<\/span><span class=\"industrium-heading-content\">Sertifikalar<\/span><\/h2><\/div>\t\t\t\t<\/div>\n\t\t\t\t<\/div>\n\t\t\t\t<section class=\"elementor-section elementor-inner-section elementor-element elementor-element-2350d8c elementor-section-content-middle elementor-section-boxed elementor-section-height-default elementor-section-height-default\" data-id=\"2350d8c\" data-element_type=\"section\">\n\t\t\t\t\t\t<div class=\"elementor-container elementor-column-gap-wider\">\n\t\t\t\t\t<div class=\"elementor-column elementor-col-33 elementor-inner-column elementor-element elementor-element-9e36aee\" data-id=\"9e36aee\" data-element_type=\"column\">\n\t\t\t<div class=\"elementor-widget-wrap elementor-element-populated\">\n\t\t\t\t\t\t<div class=\"elementor-element elementor-element-3d635ac elementor-widget elementor-widget-image\" data-id=\"3d635ac\" data-element_type=\"widget\" data-widget_type=\"image.default\">\n\t\t\t\t<div class=\"elementor-widget-container\">\n\t\t\t\t\t\t\t\t\t\t\t\t\t\t\t<img loading=\"lazy\" decoding=\"async\" width=\"500\" height=\"500\" src=\"https:\/\/teks-park.com\/wp-content\/uploads\/2024\/01\/recycled100-logo.png\" class=\"attachment-large size-large wp-image-16267\" alt=\"\" srcset=\"https:\/\/teks-park.com\/wp-content\/uploads\/2024\/01\/recycled100-logo.png 500w, https:\/\/teks-park.com\/wp-content\/uploads\/2024\/01\/recycled100-logo-300x300.png 300w, https:\/\/teks-park.com\/wp-content\/uploads\/2024\/01\/recycled100-logo-150x150.png 150w\" sizes=\"(max-width: 500px) 100vw, 500px\" \/>\t\t\t\t\t\t\t\t\t\t\t\t\t\t\t<\/div>\n\t\t\t\t<\/div>\n\t\t\t\t\t<\/div>\n\t\t<\/div>\n\t\t\t\t<div class=\"elementor-column elementor-col-33 elementor-inner-column elementor-element elementor-element-2d183ed\" data-id=\"2d183ed\" data-element_type=\"column\">\n\t\t\t<div class=\"elementor-widget-wrap elementor-element-populated\">\n\t\t\t\t\t\t<div class=\"elementor-element elementor-element-6bce2e3 elementor-widget elementor-widget-image\" data-id=\"6bce2e3\" data-element_type=\"widget\" data-widget_type=\"image.default\">\n\t\t\t\t<div class=\"elementor-widget-container\">\n\t\t\t\t\t\t\t\t\t\t\t\t\t\t\t<img loading=\"lazy\" decoding=\"async\" width=\"500\" height=\"500\" src=\"https:\/\/teks-park.com\/wp-content\/uploads\/2024\/01\/organic100-logo.png\" class=\"attachment-large size-large wp-image-16268\" alt=\"\" srcset=\"https:\/\/teks-park.com\/wp-content\/uploads\/2024\/01\/organic100-logo.png 500w, https:\/\/teks-park.com\/wp-content\/uploads\/2024\/01\/organic100-logo-300x300.png 300w, https:\/\/teks-park.com\/wp-content\/uploads\/2024\/01\/organic100-logo-150x150.png 150w\" sizes=\"(max-width: 500px) 100vw, 500px\" \/>\t\t\t\t\t\t\t\t\t\t\t\t\t\t\t<\/div>\n\t\t\t\t<\/div>\n\t\t\t\t\t<\/div>\n\t\t<\/div>\n\t\t\t\t<div class=\"elementor-column elementor-col-33 elementor-inner-column elementor-element elementor-element-af49fd8\" data-id=\"af49fd8\" data-element_type=\"column\">\n\t\t\t<div class=\"elementor-widget-wrap elementor-element-populated\">\n\t\t\t\t\t\t<div class=\"elementor-element elementor-element-7b92799 elementor-widget elementor-widget-image\" data-id=\"7b92799\" data-element_type=\"widget\" data-widget_type=\"image.default\">\n\t\t\t\t<div class=\"elementor-widget-container\">\n\t\t\t\t\t\t\t\t\t\t\t\t\t\t\t<img loading=\"lazy\" decoding=\"async\" width=\"500\" height=\"174\" src=\"https:\/\/teks-park.com\/wp-content\/uploads\/2024\/01\/bsci-logo.png\" class=\"attachment-large size-large wp-image-16269\" alt=\"\" srcset=\"https:\/\/teks-park.com\/wp-content\/uploads\/2024\/01\/bsci-logo.png 500w, https:\/\/teks-park.com\/wp-content\/uploads\/2024\/01\/bsci-logo-300x104.png 300w\" sizes=\"(max-width: 500px) 100vw, 500px\" \/>\t\t\t\t\t\t\t\t\t\t\t\t\t\t\t<\/div>\n\t\t\t\t<\/div>\n\t\t\t\t\t<\/div>\n\t\t<\/div>\n\t\t\t\t\t<\/div>\n\t\t<\/section>\n\t\t\t\t\t<\/div>\n\t\t<\/div>\n\t\t\t\t\t<\/div>\n\t\t<\/section>\n\t\t\t\t<\/div>","protected":false},"excerpt":{"rendered":"<p>At Teks-Park, sustainability is at the core of our business philosophy. We are committed to promoting an eco-friendly approach both in our own manufacturing processes and within a supply chain. Our production facilities in Ordu adhere to stringent environment standards, utilizing&#8230;<\/p>","protected":false},"author":1,"featured_media":0,"parent":0,"menu_order":0,"comment_status":"closed","ping_status":"closed","template":"","meta":{"footnotes":""},"aioseo_notices":[],"_links":{"self":[{"href":"https:\/\/teks-park.com\/tr\/wp-json\/wp\/v2\/pages\/6606"}],"collection":[{"href":"https:\/\/teks-park.com\/tr\/wp-json\/wp\/v2\/pages"}],"about":[{"href":"https:\/\/teks-park.com\/tr\/wp-json\/wp\/v2\/types\/page"}],"author":[{"embeddable":true,"href":"https:\/\/teks-park.com\/tr\/wp-json\/wp\/v2\/users\/1"}],"replies":[{"embeddable":true,"href":"https:\/\/teks-park.com\/tr\/wp-json\/wp\/v2\/comments?post=6606"}],"version-history":[{"count":66,"href":"https:\/\/teks-park.com\/tr\/wp-json\/wp\/v2\/pages\/6606\/revisions"}],"predecessor-version":[{"id":16781,"href":"https:\/\/teks-park.com\/tr\/wp-json\/wp\/v2\/pages\/6606\/revisions\/16781"}],"wp:attachment":[{"href":"https:\/\/teks-park.com\/tr\/wp-json\/wp\/v2\/media?parent=6606"}],"curies":[{"name":"wp","href":"https:\/\/api.w.org\/{rel}","templated":true}]}}