{"id":395,"date":"2022-07-22T20:17:26","date_gmt":"2022-07-22T20:17:26","guid":{"rendered":"https:\/\/demo.artureanec.com\/themes\/industrium\/?page_id=395"},"modified":"2024-03-14T13:58:33","modified_gmt":"2024-03-14T13:58:33","slug":"about-us","status":"publish","type":"page","link":"https:\/\/teks-park.com\/tr\/about-us\/","title":{"rendered":"Hakk\u0131m\u0131zda"},"content":{"rendered":"<div data-elementor-type=\"wp-page\" data-elementor-id=\"395\" class=\"elementor elementor-395\">\n\t\t\t\t\t\t<section class=\"elementor-section elementor-top-section elementor-element elementor-element-c896355 elementor-section-boxed elementor-section-height-default elementor-section-height-default\" data-id=\"c896355\" data-element_type=\"section\">\n\t\t\t\t\t\t<div class=\"elementor-container elementor-column-gap-wide\">\n\t\t\t\t\t<div class=\"elementor-column elementor-col-50 elementor-top-column elementor-element elementor-element-16cc974\" data-id=\"16cc974\" data-element_type=\"column\">\n\t\t\t<div class=\"elementor-widget-wrap elementor-element-populated\">\n\t\t\t\t\t\t<div class=\"elementor-element elementor-element-5bb8717 elementor-widget elementor-widget-image\" data-id=\"5bb8717\" data-element_type=\"widget\" data-widget_type=\"image.default\">\n\t\t\t\t<div class=\"elementor-widget-container\">\n\t\t\t\t\t\t\t\t\t\t\t\t\t\t\t<img fetchpriority=\"high\" decoding=\"async\" width=\"960\" height=\"831\" src=\"https:\/\/teks-park.com\/wp-content\/uploads\/2024\/01\/tekspark-denim-960x831.jpg\" class=\"attachment-industrium_portfolio_grid_2_columns size-industrium_portfolio_grid_2_columns wp-image-16551\" alt=\"\" srcset=\"https:\/\/teks-park.com\/wp-content\/uploads\/2024\/01\/tekspark-denim-960x831.jpg 960w, https:\/\/teks-park.com\/wp-content\/uploads\/2024\/01\/tekspark-denim-640x554.jpg 640w, https:\/\/teks-park.com\/wp-content\/uploads\/2024\/01\/tekspark-denim-480x416.jpg 480w, https:\/\/teks-park.com\/wp-content\/uploads\/2024\/01\/tekspark-denim-384x333.jpg 384w, https:\/\/teks-park.com\/wp-content\/uploads\/2024\/01\/tekspark-denim-320x277.jpg 320w\" sizes=\"(max-width: 960px) 100vw, 960px\" \/>\t\t\t\t\t\t\t\t\t\t\t\t\t\t\t<\/div>\n\t\t\t\t<\/div>\n\t\t\t\t\t<\/div>\n\t\t<\/div>\n\t\t\t\t<div class=\"elementor-column elementor-col-50 elementor-top-column elementor-element elementor-element-9f24e63\" data-id=\"9f24e63\" data-element_type=\"column\">\n\t\t\t<div class=\"elementor-widget-wrap elementor-element-populated\">\n\t\t\t\t\t\t<div class=\"elementor-element elementor-element-8110628 elementor-widget elementor-widget-text-editor\" data-id=\"8110628\" data-element_type=\"widget\" data-widget_type=\"text-editor.default\">\n\t\t\t\t<div class=\"elementor-widget-container\">\n\t\t\t\t\t\t\t\t\t<p>Teks-Park 2007 y\u0131l\u0131nda kurulmu\u015f olup ABD, AB, \u0130ngiltere'de bir\u00e7ok tan\u0131nm\u0131\u015f markaya kot pantolon \u00fcretmeye ba\u015flam\u0131\u015ft\u0131r.<br \/><br \/>Teks-Park olarak tecr\u00fcbemiz ve sekt\u00f6rel a\u011f\u0131m\u0131zla trendleri rekabetten \u00f6nce yakal\u0131yor, koleksiyonlar\u0131m\u0131z\u0131 rakiplerden \u00f6nce trendlere g\u00f6re \u015fekillendiriyoruz. Sadakat ve profesyonelli\u011fi korumak i\u00e7in insan kaynaklar\u0131na b\u00fcy\u00fck \u00f6nem veriyoruz.<br \/><br \/>Teks-Park \u00fcretim ve sat\u0131\u015f ofislerinde 250'den fazla \u00e7al\u0131\u015fan\u0131m\u0131z bulunmaktad\u0131r.<br \/><br \/>Do\u011faya ve insana sayg\u0131l\u0131 bir \u00fcretim politikas\u0131 izleyen Teks-Park, \u00e7al\u0131\u015fanlar\u0131na da standartlar\u0131n \u00fczerinde bir \u00e7al\u0131\u015fma ortam\u0131 sunuyor.<\/p>\t\t\t\t\t\t\t\t<\/div>\n\t\t\t\t<\/div>\n\t\t\t\t\t<\/div>\n\t\t<\/div>\n\t\t\t\t\t<\/div>\n\t\t<\/section>\n\t\t\t\t<section class=\"elementor-section elementor-top-section elementor-element elementor-element-630a8fa elementor-section-full_width elementor-section-stretched elementor-section-height-default elementor-section-height-default\" data-id=\"630a8fa\" data-element_type=\"section\" data-settings=\"{&quot;stretch_section&quot;:&quot;section-stretched&quot;,&quot;background_background&quot;:&quot;classic&quot;}\">\n\t\t\t\t\t\t<div class=\"elementor-container elementor-column-gap-no\">\n\t\t\t\t\t<div class=\"elementor-column elementor-col-100 elementor-top-column elementor-element elementor-element-ed68f9e\" data-id=\"ed68f9e\" data-element_type=\"column\" data-settings=\"{&quot;background_background&quot;:&quot;classic&quot;}\">\n\t\t\t<div class=\"elementor-widget-wrap elementor-element-populated\">\n\t\t\t\t\t\t<section class=\"elementor-section elementor-inner-section elementor-element elementor-element-ef1f02f elementor-section-boxed elementor-section-height-default elementor-section-height-default\" data-id=\"ef1f02f\" data-element_type=\"section\">\n\t\t\t\t\t\t<div class=\"elementor-container elementor-column-gap-wide\">\n\t\t\t\t\t<div class=\"elementor-column elementor-col-50 elementor-inner-column elementor-element elementor-element-a1d6b89\" data-id=\"a1d6b89\" data-element_type=\"column\">\n\t\t\t<div class=\"elementor-widget-wrap elementor-element-populated\">\n\t\t\t\t\t\t<div class=\"elementor-element elementor-element-c93e873 elementor-widget elementor-widget-text-editor\" data-id=\"c93e873\" data-element_type=\"widget\" data-widget_type=\"text-editor.default\">\n\t\t\t\t<div class=\"elementor-widget-container\">\n\t\t\t\t\t\t\t\t\t<p>Tekstilin ilk tasar\u0131mlar\u0131ndan son \u00fcr\u00fcne kadar her s\u00fcrecini \u00e7ok iyi biliyoruz, bu da hem vintage tarzda hem de en trend y\u00fcksek moday\u0131 geni\u015f bir yelpazede tasarlamam\u0131za ve \u00fcretmemize olanak sa\u011fl\u0131yor.<br \/><br \/>\"Uygulamal\u0131\" s\u00fcre\u00e7 y\u00f6netimiyle birle\u015ftirilen benzersiz dikey \u00fcretim kombinasyonumuz, t\u00fcm operasyonlarda esnek olmam\u0131z\u0131 sa\u011flar. Bu esneklik sayesinde zaman kaybetmiyor ve kalite standartlar\u0131m\u0131z\u0131 koruyoruz.<\/p>\t\t\t\t\t\t\t\t<\/div>\n\t\t\t\t<\/div>\n\t\t\t\t\t<\/div>\n\t\t<\/div>\n\t\t\t\t<div class=\"elementor-column elementor-col-50 elementor-inner-column elementor-element elementor-element-16dfcd1\" data-id=\"16dfcd1\" data-element_type=\"column\">\n\t\t\t<div class=\"elementor-widget-wrap elementor-element-populated\">\n\t\t\t\t\t\t<div class=\"elementor-element elementor-element-21e4b88 elementor-widget elementor-widget-image\" data-id=\"21e4b88\" data-element_type=\"widget\" data-widget_type=\"image.default\">\n\t\t\t\t<div class=\"elementor-widget-container\">\n\t\t\t\t\t\t\t\t\t\t\t\t\t\t\t<img decoding=\"async\" width=\"1000\" height=\"667\" src=\"https:\/\/teks-park.com\/wp-content\/uploads\/2024\/01\/textile-industry-equipment-production-threads-fabrics-2.jpg\" class=\"attachment-large size-large wp-image-16561\" alt=\"\" srcset=\"https:\/\/teks-park.com\/wp-content\/uploads\/2024\/01\/textile-industry-equipment-production-threads-fabrics-2.jpg 1000w, https:\/\/teks-park.com\/wp-content\/uploads\/2024\/01\/textile-industry-equipment-production-threads-fabrics-2-300x200.jpg 300w, https:\/\/teks-park.com\/wp-content\/uploads\/2024\/01\/textile-industry-equipment-production-threads-fabrics-2-768x512.jpg 768w, https:\/\/teks-park.com\/wp-content\/uploads\/2024\/01\/textile-industry-equipment-production-threads-fabrics-2-600x400.jpg 600w\" sizes=\"(max-width: 1000px) 100vw, 1000px\" \/>\t\t\t\t\t\t\t\t\t\t\t\t\t\t\t<\/div>\n\t\t\t\t<\/div>\n\t\t\t\t\t<\/div>\n\t\t<\/div>\n\t\t\t\t\t<\/div>\n\t\t<\/section>\n\t\t\t\t\t<\/div>\n\t\t<\/div>\n\t\t\t\t\t<\/div>\n\t\t<\/section>\n\t\t\t\t<section class=\"elementor-section elementor-top-section elementor-element elementor-element-61ddadd elementor-section-boxed elementor-section-height-default elementor-section-height-default\" data-id=\"61ddadd\" data-element_type=\"section\">\n\t\t\t\t\t\t<div class=\"elementor-container elementor-column-gap-wide\">\n\t\t\t\t\t<div class=\"elementor-column elementor-col-50 elementor-top-column elementor-element elementor-element-5c62ccb\" data-id=\"5c62ccb\" data-element_type=\"column\">\n\t\t\t<div class=\"elementor-widget-wrap elementor-element-populated\">\n\t\t\t\t\t\t<div class=\"elementor-element elementor-element-6f606e2 elementor-widget elementor-widget-image\" data-id=\"6f606e2\" data-element_type=\"widget\" data-widget_type=\"image.default\">\n\t\t\t\t<div class=\"elementor-widget-container\">\n\t\t\t\t\t\t\t\t\t\t\t\t\t\t\t<img decoding=\"async\" width=\"960\" height=\"831\" src=\"https:\/\/teks-park.com\/wp-content\/uploads\/2024\/01\/washing-denim-960x831.jpg\" class=\"attachment-industrium_portfolio_grid_2_columns size-industrium_portfolio_grid_2_columns wp-image-16580\" alt=\"\" srcset=\"https:\/\/teks-park.com\/wp-content\/uploads\/2024\/01\/washing-denim-960x831.jpg 960w, https:\/\/teks-park.com\/wp-content\/uploads\/2024\/01\/washing-denim-640x554.jpg 640w, https:\/\/teks-park.com\/wp-content\/uploads\/2024\/01\/washing-denim-480x416.jpg 480w, https:\/\/teks-park.com\/wp-content\/uploads\/2024\/01\/washing-denim-384x333.jpg 384w, https:\/\/teks-park.com\/wp-content\/uploads\/2024\/01\/washing-denim-320x277.jpg 320w\" sizes=\"(max-width: 960px) 100vw, 960px\" \/>\t\t\t\t\t\t\t\t\t\t\t\t\t\t\t<\/div>\n\t\t\t\t<\/div>\n\t\t\t\t\t<\/div>\n\t\t<\/div>\n\t\t\t\t<div class=\"elementor-column elementor-col-50 elementor-top-column elementor-element elementor-element-232ea29\" data-id=\"232ea29\" data-element_type=\"column\">\n\t\t\t<div class=\"elementor-widget-wrap elementor-element-populated\">\n\t\t\t\t\t\t<div class=\"elementor-element elementor-element-6141658 elementor-widget elementor-widget-text-editor\" data-id=\"6141658\" data-element_type=\"widget\" data-widget_type=\"text-editor.default\">\n\t\t\t\t<div class=\"elementor-widget-container\">\n\t\t\t\t\t\t\t\t\t<p>Tutkumuzu, deneyimimizi ve s\u00fcrd\u00fcr\u00fclebilir, en kaliteli hammaddeleri birle\u015ftiriyoruz.<br \/><br \/>\u00dcretim \u015feklimiz bir\u00e7ok farkl\u0131 tasar\u0131m tekni\u011finin, \u00fcr\u00fcn\u00fcn, kompozisyonun ve farkl\u0131 bitirme tekniklerinin kombinasyonlar\u0131n\u0131 kullanmam\u0131za olanak tan\u0131r.<br \/><br \/>Bunlar\u0131n sonucunda en kaliteli, y\u00fcksek moda \u00fcr\u00fcnleri tam zaman\u0131nda \u00fcretiyoruz.<\/p>\t\t\t\t\t\t\t\t<\/div>\n\t\t\t\t<\/div>\n\t\t\t\t\t<\/div>\n\t\t<\/div>\n\t\t\t\t\t<\/div>\n\t\t<\/section>\n\t\t\t\t<section class=\"elementor-section elementor-top-section elementor-element elementor-element-76dcca9 elementor-section-stretched elementor-section-boxed elementor-section-height-default elementor-section-height-default\" data-id=\"76dcca9\" data-element_type=\"section\" data-settings=\"{&quot;stretch_section&quot;:&quot;section-stretched&quot;}\">\n\t\t\t\t\t\t<div class=\"elementor-container elementor-column-gap-default\">\n\t\t\t\t\t<div class=\"elementor-column elementor-col-100 elementor-top-column elementor-element elementor-element-25dbb26\" data-id=\"25dbb26\" data-element_type=\"column\">\n\t\t\t<div class=\"elementor-widget-wrap elementor-element-populated\">\n\t\t\t\t\t\t<div class=\"elementor-element elementor-element-13352b0 elementor-widget elementor-widget-industrium_heading\" data-id=\"13352b0\" data-element_type=\"widget\" data-widget_type=\"industrium_heading.default\">\n\t\t\t\t<div class=\"elementor-widget-container\">\n\t\t\t\t\t<div class=\"industrium-heading-widget\"><h2 class=\"industrium-heading\"><span class=\"industrium-subheading no-dot\">Teks-Park<\/span><span class=\"industrium-heading-content\">\u0130stanbul Ma\u011faza ve Merkez<\/span><\/h2><\/div>\t\t\t\t<\/div>\n\t\t\t\t<\/div>\n\t\t\t\t<div class=\"elementor-element elementor-element-c1450c3 elementor-widget elementor-widget-image-gallery\" data-id=\"c1450c3\" data-element_type=\"widget\" data-widget_type=\"image-gallery.default\">\n\t\t\t\t<div class=\"elementor-widget-container\">\n\t\t\t\t\t\t\t<div class=\"elementor-image-gallery\">\n\t\t\t<div id='gallery-1' class='gallery galleryid-395 gallery-columns-3 gallery-size-industrium_team_thumbnail'><figure class='gallery-item'>\n\t\t\t<div class='gallery-icon portrait'>\n\t\t\t\t<a data-elementor-open-lightbox=\"yes\" data-elementor-lightbox-slideshow=\"c1450c3\" data-elementor-lightbox-title=\"tekspark1\" data-e-action-hash=\"#elementor-action%3Aaction%3Dlightbox%26settings%3DeyJpZCI6MTY4ODUsInVybCI6Imh0dHBzOlwvXC90ZWtzLXBhcmsuY29tXC93cC1jb250ZW50XC91cGxvYWRzXC8yMDI0XC8wM1wvdGVrc3BhcmsxLmpwZyIsInNsaWRlc2hvdyI6ImMxNDUwYzMifQ%3D%3D\" href='https:\/\/teks-park.com\/wp-content\/uploads\/2024\/03\/tekspark1.jpg'><img loading=\"lazy\" decoding=\"async\" width=\"542\" height=\"489\" src=\"https:\/\/teks-park.com\/wp-content\/uploads\/2024\/03\/tekspark1-542x489.jpg\" class=\"attachment-industrium_team_thumbnail size-industrium_team_thumbnail\" alt=\"\" aria-describedby=\"gallery-1-16885\" \/><\/a>\n\t\t\t<\/div>\n\t\t\t\t<figcaption class='wp-caption-text gallery-caption' id='gallery-1-16885'>\n\t\t\t\t\u0130stanbul Ma\u011faza\n\t\t\t\t<\/figcaption><\/figure><figure class='gallery-item'>\n\t\t\t<div class='gallery-icon portrait'>\n\t\t\t\t<a data-elementor-open-lightbox=\"yes\" data-elementor-lightbox-slideshow=\"c1450c3\" data-elementor-lightbox-title=\"tekspark1\" data-e-action-hash=\"#elementor-action%3Aaction%3Dlightbox%26settings%3DeyJpZCI6MTY4ODYsInVybCI6Imh0dHBzOlwvXC90ZWtzLXBhcmsuY29tXC93cC1jb250ZW50XC91cGxvYWRzXC8yMDI0XC8wM1wvdGVrc3BhcmsxLmpwZWciLCJzbGlkZXNob3ciOiJjMTQ1MGMzIn0%3D\" href='https:\/\/teks-park.com\/wp-content\/uploads\/2024\/03\/tekspark1.jpeg'><img loading=\"lazy\" decoding=\"async\" width=\"542\" height=\"489\" src=\"https:\/\/teks-park.com\/wp-content\/uploads\/2024\/03\/tekspark1-542x489.jpeg\" class=\"attachment-industrium_team_thumbnail size-industrium_team_thumbnail\" alt=\"\" \/><\/a>\n\t\t\t<\/div><\/figure><figure class='gallery-item'>\n\t\t\t<div class='gallery-icon landscape'>\n\t\t\t\t<a data-elementor-open-lightbox=\"yes\" data-elementor-lightbox-slideshow=\"c1450c3\" data-elementor-lightbox-title=\"showroom1\" data-e-action-hash=\"#elementor-action%3Aaction%3Dlightbox%26settings%3DeyJpZCI6MTY2MDIsInVybCI6Imh0dHBzOlwvXC90ZWtzLXBhcmsuY29tXC93cC1jb250ZW50XC91cGxvYWRzXC8yMDI0XC8wMVwvc2hvd3Jvb20xLmpwZyIsInNsaWRlc2hvdyI6ImMxNDUwYzMifQ%3D%3D\" href='https:\/\/teks-park.com\/wp-content\/uploads\/2024\/01\/showroom1.jpg'><img loading=\"lazy\" decoding=\"async\" width=\"542\" height=\"489\" src=\"https:\/\/teks-park.com\/wp-content\/uploads\/2024\/01\/showroom1-542x489.jpg\" class=\"attachment-industrium_team_thumbnail size-industrium_team_thumbnail\" alt=\"\" aria-describedby=\"gallery-1-16602\" srcset=\"https:\/\/teks-park.com\/wp-content\/uploads\/2024\/01\/showroom1-542x489.jpg 542w, https:\/\/teks-park.com\/wp-content\/uploads\/2024\/01\/showroom1-150x135.jpg 150w\" sizes=\"(max-width: 542px) 100vw, 542px\" \/><\/a>\n\t\t\t<\/div>\n\t\t\t\t<figcaption class='wp-caption-text gallery-caption' id='gallery-1-16602'>\n\t\t\t\t\u0130stanbul Ma\u011faza\n\t\t\t\t<\/figcaption><\/figure><figure class='gallery-item'>\n\t\t\t<div class='gallery-icon portrait'>\n\t\t\t\t<a data-elementor-open-lightbox=\"yes\" data-elementor-lightbox-slideshow=\"c1450c3\" data-elementor-lightbox-title=\"showroom2\" data-e-action-hash=\"#elementor-action%3Aaction%3Dlightbox%26settings%3DeyJpZCI6MTY2MDMsInVybCI6Imh0dHBzOlwvXC90ZWtzLXBhcmsuY29tXC93cC1jb250ZW50XC91cGxvYWRzXC8yMDI0XC8wMVwvc2hvd3Jvb20yLmpwZyIsInNsaWRlc2hvdyI6ImMxNDUwYzMifQ%3D%3D\" href='https:\/\/teks-park.com\/wp-content\/uploads\/2024\/01\/showroom2.jpg'><img loading=\"lazy\" decoding=\"async\" width=\"542\" height=\"489\" src=\"https:\/\/teks-park.com\/wp-content\/uploads\/2024\/01\/showroom2-542x489.jpg\" class=\"attachment-industrium_team_thumbnail size-industrium_team_thumbnail\" alt=\"\" aria-describedby=\"gallery-1-16603\" srcset=\"https:\/\/teks-park.com\/wp-content\/uploads\/2024\/01\/showroom2-542x489.jpg 542w, https:\/\/teks-park.com\/wp-content\/uploads\/2024\/01\/showroom2-794x718.jpg 794w, https:\/\/teks-park.com\/wp-content\/uploads\/2024\/01\/showroom2-150x135.jpg 150w\" sizes=\"(max-width: 542px) 100vw, 542px\" \/><\/a>\n\t\t\t<\/div>\n\t\t\t\t<figcaption class='wp-caption-text gallery-caption' id='gallery-1-16603'>\n\t\t\t\t\u0130stanbul Ma\u011faza\n\t\t\t\t<\/figcaption><\/figure><figure class='gallery-item'>\n\t\t\t<div class='gallery-icon portrait'>\n\t\t\t\t<a data-elementor-open-lightbox=\"yes\" data-elementor-lightbox-slideshow=\"c1450c3\" data-elementor-lightbox-title=\"showroom3\" data-e-action-hash=\"#elementor-action%3Aaction%3Dlightbox%26settings%3DeyJpZCI6MTY2MDQsInVybCI6Imh0dHBzOlwvXC90ZWtzLXBhcmsuY29tXC93cC1jb250ZW50XC91cGxvYWRzXC8yMDI0XC8wMVwvc2hvd3Jvb20zLmpwZyIsInNsaWRlc2hvdyI6ImMxNDUwYzMifQ%3D%3D\" href='https:\/\/teks-park.com\/wp-content\/uploads\/2024\/01\/showroom3.jpg'><img loading=\"lazy\" decoding=\"async\" width=\"542\" height=\"489\" src=\"https:\/\/teks-park.com\/wp-content\/uploads\/2024\/01\/showroom3-542x489.jpg\" class=\"attachment-industrium_team_thumbnail size-industrium_team_thumbnail\" alt=\"\" aria-describedby=\"gallery-1-16604\" srcset=\"https:\/\/teks-park.com\/wp-content\/uploads\/2024\/01\/showroom3-542x489.jpg 542w, https:\/\/teks-park.com\/wp-content\/uploads\/2024\/01\/showroom3-150x135.jpg 150w\" sizes=\"(max-width: 542px) 100vw, 542px\" \/><\/a>\n\t\t\t<\/div>\n\t\t\t\t<figcaption class='wp-caption-text gallery-caption' id='gallery-1-16604'>\n\t\t\t\t\u0130stanbul Ma\u011faza\n\t\t\t\t<\/figcaption><\/figure>\n\t\t<\/div>\n\t\t<\/div>\n\t\t\t\t\t\t<\/div>\n\t\t\t\t<\/div>\n\t\t\t\t\t<\/div>\n\t\t<\/div>\n\t\t\t\t\t<\/div>\n\t\t<\/section>\n\t\t\t\t<section class=\"elementor-section elementor-top-section elementor-element elementor-element-6f2eb83 elementor-section-stretched elementor-section-boxed elementor-section-height-default elementor-section-height-default\" data-id=\"6f2eb83\" data-element_type=\"section\" data-settings=\"{&quot;stretch_section&quot;:&quot;section-stretched&quot;}\">\n\t\t\t\t\t\t<div class=\"elementor-container elementor-column-gap-default\">\n\t\t\t\t\t<div class=\"elementor-column elementor-col-100 elementor-top-column elementor-element elementor-element-230ed88\" data-id=\"230ed88\" data-element_type=\"column\">\n\t\t\t<div class=\"elementor-widget-wrap elementor-element-populated\">\n\t\t\t\t\t\t<div class=\"elementor-element elementor-element-2d6b547 elementor-widget elementor-widget-industrium_heading\" data-id=\"2d6b547\" data-element_type=\"widget\" data-widget_type=\"industrium_heading.default\">\n\t\t\t\t<div class=\"elementor-widget-container\">\n\t\t\t\t\t<div class=\"industrium-heading-widget\"><h2 class=\"industrium-heading\"><span class=\"industrium-subheading no-dot\">Teks-Park<\/span><span class=\"industrium-heading-content\">Ordu Fabrika<\/span><\/h2><\/div>\t\t\t\t<\/div>\n\t\t\t\t<\/div>\n\t\t\t\t<div class=\"elementor-element elementor-element-67d44b5 elementor-widget elementor-widget-image-gallery\" data-id=\"67d44b5\" data-element_type=\"widget\" data-widget_type=\"image-gallery.default\">\n\t\t\t\t<div class=\"elementor-widget-container\">\n\t\t\t\t\t\t\t<div class=\"elementor-image-gallery\">\n\t\t\t<div id='gallery-2' class='gallery galleryid-395 gallery-columns-3 gallery-size-industrium_team_thumbnail'><figure class='gallery-item'>\n\t\t\t<div class='gallery-icon landscape'>\n\t\t\t\t<a data-elementor-open-lightbox=\"yes\" data-elementor-lightbox-slideshow=\"67d44b5\" data-elementor-lightbox-title=\"tekspark-factory-1\" data-e-action-hash=\"#elementor-action%3Aaction%3Dlightbox%26settings%3DeyJpZCI6MTY1OTgsInVybCI6Imh0dHBzOlwvXC90ZWtzLXBhcmsuY29tXC93cC1jb250ZW50XC91cGxvYWRzXC8yMDI0XC8wMVwvdGVrc3BhcmstZmFjdG9yeS0xLmpwZyIsInNsaWRlc2hvdyI6IjY3ZDQ0YjUifQ%3D%3D\" href='https:\/\/teks-park.com\/wp-content\/uploads\/2024\/01\/tekspark-factory-1.jpg'><img loading=\"lazy\" decoding=\"async\" width=\"542\" height=\"489\" src=\"https:\/\/teks-park.com\/wp-content\/uploads\/2024\/01\/tekspark-factory-1-542x489.jpg\" class=\"attachment-industrium_team_thumbnail size-industrium_team_thumbnail\" alt=\"\" aria-describedby=\"gallery-2-16598\" srcset=\"https:\/\/teks-park.com\/wp-content\/uploads\/2024\/01\/tekspark-factory-1-542x489.jpg 542w, https:\/\/teks-park.com\/wp-content\/uploads\/2024\/01\/tekspark-factory-1-300x270.jpg 300w, https:\/\/teks-park.com\/wp-content\/uploads\/2024\/01\/tekspark-factory-1-768x692.jpg 768w, https:\/\/teks-park.com\/wp-content\/uploads\/2024\/01\/tekspark-factory-1-600x541.jpg 600w, https:\/\/teks-park.com\/wp-content\/uploads\/2024\/01\/tekspark-factory-1-150x135.jpg 150w, https:\/\/teks-park.com\/wp-content\/uploads\/2024\/01\/tekspark-factory-1.jpg 888w\" sizes=\"(max-width: 542px) 100vw, 542px\" \/><\/a>\n\t\t\t<\/div>\n\t\t\t\t<figcaption class='wp-caption-text gallery-caption' id='gallery-2-16598'>\n\t\t\t\tOrdu Factory\n\t\t\t\t<\/figcaption><\/figure><figure class='gallery-item'>\n\t\t\t<div class='gallery-icon portrait'>\n\t\t\t\t<a data-elementor-open-lightbox=\"yes\" data-elementor-lightbox-slideshow=\"67d44b5\" data-elementor-lightbox-title=\"tekspark-factory-2\" data-e-action-hash=\"#elementor-action%3Aaction%3Dlightbox%26settings%3DeyJpZCI6MTY1OTYsInVybCI6Imh0dHBzOlwvXC90ZWtzLXBhcmsuY29tXC93cC1jb250ZW50XC91cGxvYWRzXC8yMDI0XC8wMVwvdGVrc3BhcmstZmFjdG9yeS0yLmpwZyIsInNsaWRlc2hvdyI6IjY3ZDQ0YjUifQ%3D%3D\" href='https:\/\/teks-park.com\/wp-content\/uploads\/2024\/01\/tekspark-factory-2.jpg'><img loading=\"lazy\" decoding=\"async\" width=\"542\" height=\"489\" src=\"https:\/\/teks-park.com\/wp-content\/uploads\/2024\/01\/tekspark-factory-2-542x489.jpg\" class=\"attachment-industrium_team_thumbnail size-industrium_team_thumbnail\" alt=\"\" aria-describedby=\"gallery-2-16596\" srcset=\"https:\/\/teks-park.com\/wp-content\/uploads\/2024\/01\/tekspark-factory-2-542x489.jpg 542w, https:\/\/teks-park.com\/wp-content\/uploads\/2024\/01\/tekspark-factory-2-150x135.jpg 150w\" sizes=\"(max-width: 542px) 100vw, 542px\" \/><\/a>\n\t\t\t<\/div>\n\t\t\t\t<figcaption class='wp-caption-text gallery-caption' id='gallery-2-16596'>\n\t\t\t\tOrdu Factory\n\t\t\t\t<\/figcaption><\/figure><figure class='gallery-item'>\n\t\t\t<div class='gallery-icon portrait'>\n\t\t\t\t<a data-elementor-open-lightbox=\"yes\" data-elementor-lightbox-slideshow=\"67d44b5\" data-elementor-lightbox-title=\"tekspark-factory-3\" data-e-action-hash=\"#elementor-action%3Aaction%3Dlightbox%26settings%3DeyJpZCI6MTY1OTcsInVybCI6Imh0dHBzOlwvXC90ZWtzLXBhcmsuY29tXC93cC1jb250ZW50XC91cGxvYWRzXC8yMDI0XC8wMVwvdGVrc3BhcmstZmFjdG9yeS0zLmpwZyIsInNsaWRlc2hvdyI6IjY3ZDQ0YjUifQ%3D%3D\" href='https:\/\/teks-park.com\/wp-content\/uploads\/2024\/01\/tekspark-factory-3.jpg'><img loading=\"lazy\" decoding=\"async\" width=\"542\" height=\"489\" src=\"https:\/\/teks-park.com\/wp-content\/uploads\/2024\/01\/tekspark-factory-3-542x489.jpg\" class=\"attachment-industrium_team_thumbnail size-industrium_team_thumbnail\" alt=\"\" aria-describedby=\"gallery-2-16597\" srcset=\"https:\/\/teks-park.com\/wp-content\/uploads\/2024\/01\/tekspark-factory-3-542x489.jpg 542w, https:\/\/teks-park.com\/wp-content\/uploads\/2024\/01\/tekspark-factory-3-150x135.jpg 150w\" sizes=\"(max-width: 542px) 100vw, 542px\" \/><\/a>\n\t\t\t<\/div>\n\t\t\t\t<figcaption class='wp-caption-text gallery-caption' id='gallery-2-16597'>\n\t\t\t\tOrdu Factory\n\t\t\t\t<\/figcaption><\/figure>\n\t\t<\/div>\n\t\t<\/div>\n\t\t\t\t\t\t<\/div>\n\t\t\t\t<\/div>\n\t\t\t\t\t<\/div>\n\t\t<\/div>\n\t\t\t\t\t<\/div>\n\t\t<\/section>\n\t\t\t\t<\/div>","protected":false},"excerpt":{"rendered":"<p>Teks-Park is established 2007 and has started to produce jeans for many well-known brands in USA, EU, UK. As Teks-Park, with our experience and sectoral network, we catch the trends before the competition and shape our collections according to trends before&#8230;<\/p>","protected":false},"author":1,"featured_media":0,"parent":0,"menu_order":0,"comment_status":"closed","ping_status":"closed","template":"","meta":{"footnotes":""},"aioseo_notices":[],"_links":{"self":[{"href":"https:\/\/teks-park.com\/tr\/wp-json\/wp\/v2\/pages\/395"}],"collection":[{"href":"https:\/\/teks-park.com\/tr\/wp-json\/wp\/v2\/pages"}],"about":[{"href":"https:\/\/teks-park.com\/tr\/wp-json\/wp\/v2\/types\/page"}],"author":[{"embeddable":true,"href":"https:\/\/teks-park.com\/tr\/wp-json\/wp\/v2\/users\/1"}],"replies":[{"embeddable":true,"href":"https:\/\/teks-park.com\/tr\/wp-json\/wp\/v2\/comments?post=395"}],"version-history":[{"count":118,"href":"https:\/\/teks-park.com\/tr\/wp-json\/wp\/v2\/pages\/395\/revisions"}],"predecessor-version":[{"id":16889,"href":"https:\/\/teks-park.com\/tr\/wp-json\/wp\/v2\/pages\/395\/revisions\/16889"}],"wp:attachment":[{"href":"https:\/\/teks-park.com\/tr\/wp-json\/wp\/v2\/media?parent=395"}],"curies":[{"name":"wp","href":"https:\/\/api.w.org\/{rel}","templated":true}]}}