{"id":13160,"date":"2022-12-08T15:05:06","date_gmt":"2022-12-08T15:05:06","guid":{"rendered":"https:\/\/demo.artureanec.com\/themes\/industrium\/?page_id=13160"},"modified":"2024-01-20T12:10:24","modified_gmt":"2024-01-20T12:10:24","slug":"references","status":"publish","type":"page","link":"https:\/\/teks-park.com\/tr\/references\/","title":{"rendered":"Referanslar"},"content":{"rendered":"<div data-elementor-type=\"wp-page\" data-elementor-id=\"13160\" class=\"elementor elementor-13160\">\n\t\t\t\t\t\t<section class=\"elementor-section elementor-top-section elementor-element elementor-element-ef90de7 elementor-section-boxed elementor-section-height-default elementor-section-height-default\" data-id=\"ef90de7\" data-element_type=\"section\" data-settings=\"{&quot;background_background&quot;:&quot;classic&quot;}\">\n\t\t\t\t\t\t<div class=\"elementor-container elementor-column-gap-default\">\n\t\t\t\t\t<div class=\"elementor-column elementor-col-100 elementor-top-column elementor-element elementor-element-65f8f30\" data-id=\"65f8f30\" data-element_type=\"column\">\n\t\t\t<div class=\"elementor-widget-wrap elementor-element-populated\">\n\t\t\t\t\t\t<div class=\"elementor-element elementor-element-09ecdb6 elementor-widget elementor-widget-industrium_heading\" data-id=\"09ecdb6\" data-element_type=\"widget\" data-widget_type=\"industrium_heading.default\">\n\t\t\t\t<div class=\"elementor-widget-container\">\n\t\t\t\t\t<div class=\"industrium-heading-widget\"><h2 class=\"industrium-heading\"><span class=\"industrium-subheading no-dot\">\u0130\u015f Ortaklar\u0131<\/span><span class=\"industrium-heading-content\">Teks-Park'a g\u00fcvenen<br \/>Teks-Park<\/span><\/h2><\/div>\t\t\t\t<\/div>\n\t\t\t\t<\/div>\n\t\t\t\t<section class=\"elementor-section elementor-inner-section elementor-element elementor-element-8f197d5 elementor-section-content-middle elementor-section-boxed elementor-section-height-default elementor-section-height-default\" data-id=\"8f197d5\" data-element_type=\"section\">\n\t\t\t\t\t\t<div class=\"elementor-container elementor-column-gap-wider\">\n\t\t\t\t\t<div class=\"elementor-column elementor-col-25 elementor-inner-column elementor-element elementor-element-ef659ed\" data-id=\"ef659ed\" data-element_type=\"column\">\n\t\t\t<div class=\"elementor-widget-wrap elementor-element-populated\">\n\t\t\t\t\t\t<div class=\"elementor-element elementor-element-14f235a elementor-widget elementor-widget-image\" data-id=\"14f235a\" data-element_type=\"widget\" data-widget_type=\"image.default\">\n\t\t\t\t<div class=\"elementor-widget-container\">\n\t\t\t\t\t\t\t\t\t\t\t\t\t\t\t<img fetchpriority=\"high\" decoding=\"async\" width=\"1024\" height=\"431\" src=\"https:\/\/teks-park.com\/wp-content\/uploads\/2024\/01\/zara-logo-1024x431.png\" class=\"attachment-large size-large wp-image-16307\" alt=\"\" srcset=\"https:\/\/teks-park.com\/wp-content\/uploads\/2024\/01\/zara-logo-1024x431.png 1024w, https:\/\/teks-park.com\/wp-content\/uploads\/2024\/01\/zara-logo-300x126.png 300w, https:\/\/teks-park.com\/wp-content\/uploads\/2024\/01\/zara-logo-768x323.png 768w, https:\/\/teks-park.com\/wp-content\/uploads\/2024\/01\/zara-logo-1536x646.png 1536w, https:\/\/teks-park.com\/wp-content\/uploads\/2024\/01\/zara-logo-2048x862.png 2048w, https:\/\/teks-park.com\/wp-content\/uploads\/2024\/01\/zara-logo-600x252.png 600w\" sizes=\"(max-width: 1024px) 100vw, 1024px\" \/>\t\t\t\t\t\t\t\t\t\t\t\t\t\t\t<\/div>\n\t\t\t\t<\/div>\n\t\t\t\t\t<\/div>\n\t\t<\/div>\n\t\t\t\t<div class=\"elementor-column elementor-col-25 elementor-inner-column elementor-element elementor-element-ef5d207\" data-id=\"ef5d207\" data-element_type=\"column\">\n\t\t\t<div class=\"elementor-widget-wrap elementor-element-populated\">\n\t\t\t\t\t\t<div class=\"elementor-element elementor-element-acabae7 elementor-widget elementor-widget-image\" data-id=\"acabae7\" data-element_type=\"widget\" data-widget_type=\"image.default\">\n\t\t\t\t<div class=\"elementor-widget-container\">\n\t\t\t\t\t\t\t\t\t\t\t\t\t\t\t<img decoding=\"async\" width=\"415\" height=\"120\" src=\"https:\/\/teks-park.com\/wp-content\/uploads\/2024\/01\/next-logo.png\" class=\"attachment-large size-large wp-image-16308\" alt=\"\" srcset=\"https:\/\/teks-park.com\/wp-content\/uploads\/2024\/01\/next-logo.png 415w, https:\/\/teks-park.com\/wp-content\/uploads\/2024\/01\/next-logo-300x87.png 300w\" sizes=\"(max-width: 415px) 100vw, 415px\" \/>\t\t\t\t\t\t\t\t\t\t\t\t\t\t\t<\/div>\n\t\t\t\t<\/div>\n\t\t\t\t\t<\/div>\n\t\t<\/div>\n\t\t\t\t<div class=\"elementor-column elementor-col-25 elementor-inner-column elementor-element elementor-element-63670e1\" data-id=\"63670e1\" data-element_type=\"column\">\n\t\t\t<div class=\"elementor-widget-wrap elementor-element-populated\">\n\t\t\t\t\t\t<div class=\"elementor-element elementor-element-db7bb29 elementor-widget elementor-widget-image\" data-id=\"db7bb29\" data-element_type=\"widget\" data-widget_type=\"image.default\">\n\t\t\t\t<div class=\"elementor-widget-container\">\n\t\t\t\t\t\t\t\t\t\t\t\t\t\t\t<img decoding=\"async\" width=\"353\" height=\"138\" src=\"https:\/\/teks-park.com\/wp-content\/uploads\/2024\/01\/urban-logo.png\" class=\"attachment-large size-large wp-image-16309\" alt=\"\" srcset=\"https:\/\/teks-park.com\/wp-content\/uploads\/2024\/01\/urban-logo.png 353w, https:\/\/teks-park.com\/wp-content\/uploads\/2024\/01\/urban-logo-300x117.png 300w\" sizes=\"(max-width: 353px) 100vw, 353px\" \/>\t\t\t\t\t\t\t\t\t\t\t\t\t\t\t<\/div>\n\t\t\t\t<\/div>\n\t\t\t\t\t<\/div>\n\t\t<\/div>\n\t\t\t\t<div class=\"elementor-column elementor-col-25 elementor-inner-column elementor-element elementor-element-7b1a7a9\" data-id=\"7b1a7a9\" data-element_type=\"column\">\n\t\t\t<div class=\"elementor-widget-wrap elementor-element-populated\">\n\t\t\t\t\t\t<div class=\"elementor-element elementor-element-e2817dd elementor-widget elementor-widget-image\" data-id=\"e2817dd\" data-element_type=\"widget\" data-widget_type=\"image.default\">\n\t\t\t\t<div class=\"elementor-widget-container\">\n\t\t\t\t\t\t\t\t\t\t\t\t\t\t\t<img loading=\"lazy\" decoding=\"async\" width=\"627\" height=\"280\" src=\"https:\/\/teks-park.com\/wp-content\/uploads\/2024\/01\/stefenal-logo.png\" class=\"attachment-large size-large wp-image-16310\" alt=\"\" srcset=\"https:\/\/teks-park.com\/wp-content\/uploads\/2024\/01\/stefenal-logo.png 627w, https:\/\/teks-park.com\/wp-content\/uploads\/2024\/01\/stefenal-logo-300x134.png 300w, https:\/\/teks-park.com\/wp-content\/uploads\/2024\/01\/stefenal-logo-600x268.png 600w\" sizes=\"(max-width: 627px) 100vw, 627px\" \/>\t\t\t\t\t\t\t\t\t\t\t\t\t\t\t<\/div>\n\t\t\t\t<\/div>\n\t\t\t\t\t<\/div>\n\t\t<\/div>\n\t\t\t\t\t<\/div>\n\t\t<\/section>\n\t\t\t\t<section class=\"elementor-section elementor-inner-section elementor-element elementor-element-6a80be7 elementor-section-content-middle elementor-section-boxed elementor-section-height-default elementor-section-height-default\" data-id=\"6a80be7\" data-element_type=\"section\">\n\t\t\t\t\t\t<div class=\"elementor-container elementor-column-gap-wider\">\n\t\t\t\t\t<div class=\"elementor-column elementor-col-25 elementor-inner-column elementor-element elementor-element-7017284\" data-id=\"7017284\" data-element_type=\"column\">\n\t\t\t<div class=\"elementor-widget-wrap elementor-element-populated\">\n\t\t\t\t\t\t<div class=\"elementor-element elementor-element-64bfbcf elementor-widget elementor-widget-image\" data-id=\"64bfbcf\" data-element_type=\"widget\" data-widget_type=\"image.default\">\n\t\t\t\t<div class=\"elementor-widget-container\">\n\t\t\t\t\t\t\t\t\t\t\t\t\t\t\t<img loading=\"lazy\" decoding=\"async\" width=\"1024\" height=\"214\" src=\"https:\/\/teks-park.com\/wp-content\/uploads\/2024\/01\/about-you-logo.png\" class=\"attachment-large size-large wp-image-16311\" alt=\"\" srcset=\"https:\/\/teks-park.com\/wp-content\/uploads\/2024\/01\/about-you-logo.png 1024w, https:\/\/teks-park.com\/wp-content\/uploads\/2024\/01\/about-you-logo-300x63.png 300w, https:\/\/teks-park.com\/wp-content\/uploads\/2024\/01\/about-you-logo-768x161.png 768w, https:\/\/teks-park.com\/wp-content\/uploads\/2024\/01\/about-you-logo-600x125.png 600w\" sizes=\"(max-width: 1024px) 100vw, 1024px\" \/>\t\t\t\t\t\t\t\t\t\t\t\t\t\t\t<\/div>\n\t\t\t\t<\/div>\n\t\t\t\t\t<\/div>\n\t\t<\/div>\n\t\t\t\t<div class=\"elementor-column elementor-col-25 elementor-inner-column elementor-element elementor-element-3462de4\" data-id=\"3462de4\" data-element_type=\"column\">\n\t\t\t<div class=\"elementor-widget-wrap elementor-element-populated\">\n\t\t\t\t\t\t<div class=\"elementor-element elementor-element-832fc1a elementor-widget elementor-widget-image\" data-id=\"832fc1a\" data-element_type=\"widget\" data-widget_type=\"image.default\">\n\t\t\t\t<div class=\"elementor-widget-container\">\n\t\t\t\t\t\t\t\t\t\t\t\t\t\t\t<img loading=\"lazy\" decoding=\"async\" width=\"652\" height=\"652\" src=\"https:\/\/teks-park.com\/wp-content\/uploads\/2024\/01\/kaporal-logo.png\" class=\"attachment-large size-large wp-image-16312\" alt=\"\" srcset=\"https:\/\/teks-park.com\/wp-content\/uploads\/2024\/01\/kaporal-logo.png 652w, https:\/\/teks-park.com\/wp-content\/uploads\/2024\/01\/kaporal-logo-300x300.png 300w, https:\/\/teks-park.com\/wp-content\/uploads\/2024\/01\/kaporal-logo-150x150.png 150w, https:\/\/teks-park.com\/wp-content\/uploads\/2024\/01\/kaporal-logo-600x600.png 600w\" sizes=\"(max-width: 652px) 100vw, 652px\" \/>\t\t\t\t\t\t\t\t\t\t\t\t\t\t\t<\/div>\n\t\t\t\t<\/div>\n\t\t\t\t\t<\/div>\n\t\t<\/div>\n\t\t\t\t<div class=\"elementor-column elementor-col-25 elementor-inner-column elementor-element elementor-element-7e382f9\" data-id=\"7e382f9\" data-element_type=\"column\">\n\t\t\t<div class=\"elementor-widget-wrap elementor-element-populated\">\n\t\t\t\t\t\t<div class=\"elementor-element elementor-element-3819dd8 elementor-widget elementor-widget-image\" data-id=\"3819dd8\" data-element_type=\"widget\" data-widget_type=\"image.default\">\n\t\t\t\t<div class=\"elementor-widget-container\">\n\t\t\t\t\t\t\t\t\t\t\t\t\t\t\t<img loading=\"lazy\" decoding=\"async\" width=\"492\" height=\"46\" src=\"https:\/\/teks-park.com\/wp-content\/uploads\/2024\/01\/tally-logo-1.png\" class=\"attachment-large size-large wp-image-16689\" alt=\"\" srcset=\"https:\/\/teks-park.com\/wp-content\/uploads\/2024\/01\/tally-logo-1.png 492w, https:\/\/teks-park.com\/wp-content\/uploads\/2024\/01\/tally-logo-1-300x28.png 300w, https:\/\/teks-park.com\/wp-content\/uploads\/2024\/01\/tally-logo-1-480x46.png 480w\" sizes=\"(max-width: 492px) 100vw, 492px\" \/>\t\t\t\t\t\t\t\t\t\t\t\t\t\t\t<\/div>\n\t\t\t\t<\/div>\n\t\t\t\t\t<\/div>\n\t\t<\/div>\n\t\t\t\t<div class=\"elementor-column elementor-col-25 elementor-inner-column elementor-element elementor-element-b2488de\" data-id=\"b2488de\" data-element_type=\"column\">\n\t\t\t<div class=\"elementor-widget-wrap elementor-element-populated\">\n\t\t\t\t\t\t<div class=\"elementor-element elementor-element-dfae8ca elementor-widget elementor-widget-image\" data-id=\"dfae8ca\" data-element_type=\"widget\" data-widget_type=\"image.default\">\n\t\t\t\t<div class=\"elementor-widget-container\">\n\t\t\t\t\t\t\t\t\t\t\t\t\t\t\t<img loading=\"lazy\" decoding=\"async\" width=\"1024\" height=\"512\" src=\"https:\/\/teks-park.com\/wp-content\/uploads\/2024\/01\/the-sting-logo-1024x512.png\" class=\"attachment-large size-large wp-image-16314\" alt=\"\" srcset=\"https:\/\/teks-park.com\/wp-content\/uploads\/2024\/01\/the-sting-logo-1024x512.png 1024w, https:\/\/teks-park.com\/wp-content\/uploads\/2024\/01\/the-sting-logo-300x150.png 300w, https:\/\/teks-park.com\/wp-content\/uploads\/2024\/01\/the-sting-logo-768x384.png 768w, https:\/\/teks-park.com\/wp-content\/uploads\/2024\/01\/the-sting-logo-600x300.png 600w, https:\/\/teks-park.com\/wp-content\/uploads\/2024\/01\/the-sting-logo.png 1200w\" sizes=\"(max-width: 1024px) 100vw, 1024px\" \/>\t\t\t\t\t\t\t\t\t\t\t\t\t\t\t<\/div>\n\t\t\t\t<\/div>\n\t\t\t\t\t<\/div>\n\t\t<\/div>\n\t\t\t\t\t<\/div>\n\t\t<\/section>\n\t\t\t\t<section class=\"elementor-section elementor-inner-section elementor-element elementor-element-829a251 elementor-section-content-middle elementor-section-boxed elementor-section-height-default elementor-section-height-default\" data-id=\"829a251\" data-element_type=\"section\">\n\t\t\t\t\t\t<div class=\"elementor-container elementor-column-gap-wider\">\n\t\t\t\t\t<div class=\"elementor-column elementor-col-25 elementor-inner-column elementor-element elementor-element-bea78de\" data-id=\"bea78de\" data-element_type=\"column\">\n\t\t\t<div class=\"elementor-widget-wrap elementor-element-populated\">\n\t\t\t\t\t\t<div class=\"elementor-element elementor-element-c95479e elementor-widget elementor-widget-image\" data-id=\"c95479e\" data-element_type=\"widget\" data-widget_type=\"image.default\">\n\t\t\t\t<div class=\"elementor-widget-container\">\n\t\t\t\t\t\t\t\t\t\t\t\t\t\t\t<img loading=\"lazy\" decoding=\"async\" width=\"1024\" height=\"169\" src=\"https:\/\/teks-park.com\/wp-content\/uploads\/2024\/01\/in-the-style-logo-1024x169.png\" class=\"attachment-large size-large wp-image-16315\" alt=\"\" srcset=\"https:\/\/teks-park.com\/wp-content\/uploads\/2024\/01\/in-the-style-logo-1024x169.png 1024w, https:\/\/teks-park.com\/wp-content\/uploads\/2024\/01\/in-the-style-logo-300x49.png 300w, https:\/\/teks-park.com\/wp-content\/uploads\/2024\/01\/in-the-style-logo-768x127.png 768w, https:\/\/teks-park.com\/wp-content\/uploads\/2024\/01\/in-the-style-logo-1536x253.png 1536w, https:\/\/teks-park.com\/wp-content\/uploads\/2024\/01\/in-the-style-logo-2048x337.png 2048w, https:\/\/teks-park.com\/wp-content\/uploads\/2024\/01\/in-the-style-logo-600x99.png 600w\" sizes=\"(max-width: 1024px) 100vw, 1024px\" \/>\t\t\t\t\t\t\t\t\t\t\t\t\t\t\t<\/div>\n\t\t\t\t<\/div>\n\t\t\t\t\t<\/div>\n\t\t<\/div>\n\t\t\t\t<div class=\"elementor-column elementor-col-25 elementor-inner-column elementor-element elementor-element-1a6abf6\" data-id=\"1a6abf6\" data-element_type=\"column\">\n\t\t\t<div class=\"elementor-widget-wrap elementor-element-populated\">\n\t\t\t\t\t\t<div class=\"elementor-element elementor-element-449f9e8 elementor-widget elementor-widget-image\" data-id=\"449f9e8\" data-element_type=\"widget\" data-widget_type=\"image.default\">\n\t\t\t\t<div class=\"elementor-widget-container\">\n\t\t\t\t\t\t\t\t\t\t\t\t\t\t\t<img loading=\"lazy\" decoding=\"async\" width=\"360\" height=\"257\" src=\"https:\/\/teks-park.com\/wp-content\/uploads\/2024\/01\/DNGRS-logo.png\" class=\"attachment-large size-large wp-image-16316\" alt=\"\" srcset=\"https:\/\/teks-park.com\/wp-content\/uploads\/2024\/01\/DNGRS-logo.png 360w, https:\/\/teks-park.com\/wp-content\/uploads\/2024\/01\/DNGRS-logo-300x214.png 300w\" sizes=\"(max-width: 360px) 100vw, 360px\" \/>\t\t\t\t\t\t\t\t\t\t\t\t\t\t\t<\/div>\n\t\t\t\t<\/div>\n\t\t\t\t\t<\/div>\n\t\t<\/div>\n\t\t\t\t<div class=\"elementor-column elementor-col-25 elementor-inner-column elementor-element elementor-element-5b637d3\" data-id=\"5b637d3\" data-element_type=\"column\">\n\t\t\t<div class=\"elementor-widget-wrap elementor-element-populated\">\n\t\t\t\t\t\t<div class=\"elementor-element elementor-element-5430290 elementor-widget elementor-widget-image\" data-id=\"5430290\" data-element_type=\"widget\" data-widget_type=\"image.default\">\n\t\t\t\t<div class=\"elementor-widget-container\">\n\t\t\t\t\t\t\t\t\t\t\t\t\t\t\t<img loading=\"lazy\" decoding=\"async\" width=\"500\" height=\"461\" src=\"https:\/\/teks-park.com\/wp-content\/uploads\/2024\/01\/father-logo.png\" class=\"attachment-large size-large wp-image-16317\" alt=\"\" srcset=\"https:\/\/teks-park.com\/wp-content\/uploads\/2024\/01\/father-logo.png 500w, https:\/\/teks-park.com\/wp-content\/uploads\/2024\/01\/father-logo-300x277.png 300w\" sizes=\"(max-width: 500px) 100vw, 500px\" \/>\t\t\t\t\t\t\t\t\t\t\t\t\t\t\t<\/div>\n\t\t\t\t<\/div>\n\t\t\t\t\t<\/div>\n\t\t<\/div>\n\t\t\t\t<div class=\"elementor-column elementor-col-25 elementor-inner-column elementor-element elementor-element-aed5963\" data-id=\"aed5963\" data-element_type=\"column\">\n\t\t\t<div class=\"elementor-widget-wrap elementor-element-populated\">\n\t\t\t\t\t\t<div class=\"elementor-element elementor-element-9cb2e57 elementor-widget elementor-widget-image\" data-id=\"9cb2e57\" data-element_type=\"widget\" data-widget_type=\"image.default\">\n\t\t\t\t<div class=\"elementor-widget-container\">\n\t\t\t\t\t\t\t\t\t\t\t\t\t\t\t<img loading=\"lazy\" decoding=\"async\" width=\"242\" height=\"36\" src=\"https:\/\/teks-park.com\/wp-content\/uploads\/2024\/01\/ecko-logo-1.png\" class=\"attachment-large size-large wp-image-16690\" alt=\"\" \/>\t\t\t\t\t\t\t\t\t\t\t\t\t\t\t<\/div>\n\t\t\t\t<\/div>\n\t\t\t\t\t<\/div>\n\t\t<\/div>\n\t\t\t\t\t<\/div>\n\t\t<\/section>\n\t\t\t\t<section class=\"elementor-section elementor-inner-section elementor-element elementor-element-761aebf elementor-section-content-middle elementor-section-boxed elementor-section-height-default elementor-section-height-default\" data-id=\"761aebf\" data-element_type=\"section\">\n\t\t\t\t\t\t<div class=\"elementor-container elementor-column-gap-wider\">\n\t\t\t\t\t<div class=\"elementor-column elementor-col-25 elementor-inner-column elementor-element elementor-element-3a9f354\" data-id=\"3a9f354\" data-element_type=\"column\">\n\t\t\t<div class=\"elementor-widget-wrap elementor-element-populated\">\n\t\t\t\t\t\t<div class=\"elementor-element elementor-element-70be0f8 elementor-widget elementor-widget-image\" data-id=\"70be0f8\" data-element_type=\"widget\" data-widget_type=\"image.default\">\n\t\t\t\t<div class=\"elementor-widget-container\">\n\t\t\t\t\t\t\t\t\t\t\t\t\t\t\t<img loading=\"lazy\" decoding=\"async\" width=\"1024\" height=\"433\" src=\"https:\/\/teks-park.com\/wp-content\/uploads\/2024\/01\/ovs-logo-2048x865-1-1024x433.png\" class=\"attachment-large size-large wp-image-16691\" alt=\"\" srcset=\"https:\/\/teks-park.com\/wp-content\/uploads\/2024\/01\/ovs-logo-2048x865-1-1024x433.png 1024w, https:\/\/teks-park.com\/wp-content\/uploads\/2024\/01\/ovs-logo-2048x865-1-300x127.png 300w, https:\/\/teks-park.com\/wp-content\/uploads\/2024\/01\/ovs-logo-2048x865-1-768x324.png 768w, https:\/\/teks-park.com\/wp-content\/uploads\/2024\/01\/ovs-logo-2048x865-1-1536x649.png 1536w, https:\/\/teks-park.com\/wp-content\/uploads\/2024\/01\/ovs-logo-2048x865-1-600x253.png 600w, https:\/\/teks-park.com\/wp-content\/uploads\/2024\/01\/ovs-logo-2048x865-1.png 2048w\" sizes=\"(max-width: 1024px) 100vw, 1024px\" \/>\t\t\t\t\t\t\t\t\t\t\t\t\t\t\t<\/div>\n\t\t\t\t<\/div>\n\t\t\t\t\t<\/div>\n\t\t<\/div>\n\t\t\t\t<div class=\"elementor-column elementor-col-25 elementor-inner-column elementor-element elementor-element-3b30e64\" data-id=\"3b30e64\" data-element_type=\"column\">\n\t\t\t<div class=\"elementor-widget-wrap\">\n\t\t\t\t\t\t\t<\/div>\n\t\t<\/div>\n\t\t\t\t<div class=\"elementor-column elementor-col-25 elementor-inner-column elementor-element elementor-element-6c07337\" data-id=\"6c07337\" data-element_type=\"column\">\n\t\t\t<div class=\"elementor-widget-wrap\">\n\t\t\t\t\t\t\t<\/div>\n\t\t<\/div>\n\t\t\t\t<div class=\"elementor-column elementor-col-25 elementor-inner-column elementor-element elementor-element-7ac8c2a\" data-id=\"7ac8c2a\" data-element_type=\"column\">\n\t\t\t<div class=\"elementor-widget-wrap\">\n\t\t\t\t\t\t\t<\/div>\n\t\t<\/div>\n\t\t\t\t\t<\/div>\n\t\t<\/section>\n\t\t\t\t\t<\/div>\n\t\t<\/div>\n\t\t\t\t\t<\/div>\n\t\t<\/section>\n\t\t\t\t<section class=\"elementor-section elementor-top-section elementor-element elementor-element-7819b83 elementor-section-boxed elementor-section-height-default elementor-section-height-default\" data-id=\"7819b83\" data-element_type=\"section\" data-settings=\"{&quot;background_background&quot;:&quot;classic&quot;}\">\n\t\t\t\t\t\t<div class=\"elementor-container elementor-column-gap-default\">\n\t\t\t\t\t<div class=\"elementor-column elementor-col-100 elementor-top-column elementor-element elementor-element-20b040c\" data-id=\"20b040c\" data-element_type=\"column\">\n\t\t\t<div class=\"elementor-widget-wrap elementor-element-populated\">\n\t\t\t\t\t\t<div class=\"elementor-element elementor-element-834e8ff elementor-widget elementor-widget-industrium_special_text\" data-id=\"834e8ff\" data-element_type=\"widget\" data-widget_type=\"industrium_special_text.default\">\n\t\t\t\t<div class=\"elementor-widget-container\">\n\t\t\t\t\t<div class=\"special-text-wrapper\"><span class=\"special-text special-text-effect-fill\">Te\u015fekk\u00fcrler<span class=\"special-text special-text-effect-stroke\">Te\u015fekk\u00fcrler<\/span><\/span><\/div>\t\t\t\t<\/div>\n\t\t\t\t<\/div>\n\t\t\t\t<section class=\"elementor-section elementor-inner-section elementor-element elementor-element-4de6b49 elementor-section-boxed elementor-section-height-default elementor-section-height-default\" data-id=\"4de6b49\" data-element_type=\"section\">\n\t\t\t\t\t\t<div class=\"elementor-container elementor-column-gap-default\">\n\t\t\t\t\t<div class=\"elementor-column elementor-col-33 elementor-inner-column elementor-element elementor-element-f29d051 elementor-hidden-tablet elementor-hidden-mobile_extra elementor-hidden-mobile\" data-id=\"f29d051\" data-element_type=\"column\">\n\t\t\t<div class=\"elementor-widget-wrap\">\n\t\t\t\t\t\t\t<\/div>\n\t\t<\/div>\n\t\t\t\t<div class=\"elementor-column elementor-col-33 elementor-inner-column elementor-element elementor-element-55582ad\" data-id=\"55582ad\" data-element_type=\"column\">\n\t\t\t<div class=\"elementor-widget-wrap elementor-element-populated\">\n\t\t\t\t\t\t<div class=\"elementor-element elementor-element-e96530a elementor-widget elementor-widget-industrium_heading\" data-id=\"e96530a\" data-element_type=\"widget\" data-widget_type=\"industrium_heading.default\">\n\t\t\t\t<div class=\"elementor-widget-container\">\n\t\t\t\t\t<div class=\"industrium-heading-widget\"><h2 class=\"industrium-heading\"><span class=\"industrium-heading-content\">T\u00fcm m\u00fc\u015fterilerimize ve<br \/>i\u015f ortaklar\u0131m\u0131za te\u015fekk\u00fcr ederiz!<\/span><\/h2><\/div>\t\t\t\t<\/div>\n\t\t\t\t<\/div>\n\t\t\t\t<div class=\"elementor-element elementor-element-295b7ca elementor-widget elementor-widget-text-editor\" data-id=\"295b7ca\" data-element_type=\"widget\" data-widget_type=\"text-editor.default\">\n\t\t\t\t<div class=\"elementor-widget-container\">\n\t\t\t\t\t\t\t\t\t<p>G\u00fcveniniz ve i\u015fbirli\u011finiz bizim i\u00e7in \u00e7ok de\u011ferli.\nSizlerle birlikte \u00e7al\u0131\u015fma, geli\u015fme ve b\u00fcy\u00fcme f\u0131rsat\u0131\nbuldu\u011fumuz i\u00e7in \u00e7ok mutluyuz. Gelecekteki\nf\u0131rsatlar i\u00e7in birlikte olmay\u0131 d\u00f6rt g\u00f6zle bekliyoruz.<br><\/p>\t\t\t\t\t\t\t\t<\/div>\n\t\t\t\t<\/div>\n\t\t\t\t\t<\/div>\n\t\t<\/div>\n\t\t\t\t<div class=\"elementor-column elementor-col-33 elementor-inner-column elementor-element elementor-element-c0f9737 elementor-hidden-tablet elementor-hidden-mobile_extra elementor-hidden-mobile\" data-id=\"c0f9737\" data-element_type=\"column\">\n\t\t\t<div class=\"elementor-widget-wrap\">\n\t\t\t\t\t\t\t<\/div>\n\t\t<\/div>\n\t\t\t\t\t<\/div>\n\t\t<\/section>\n\t\t\t\t\t<\/div>\n\t\t<\/div>\n\t\t\t\t\t<\/div>\n\t\t<\/section>\n\t\t\t\t<\/div>","protected":false},"excerpt":{"rendered":"<p>Your trust and collaboration mean the world to us. We appreciate the opportunity to work together and value the relationships we&#8217;ve built. Our commitment to delivering quality and excellence remains unwavering. We look forward to continued success and growth together.<\/p>","protected":false},"author":1,"featured_media":0,"parent":0,"menu_order":0,"comment_status":"closed","ping_status":"closed","template":"","meta":{"footnotes":""},"aioseo_notices":[],"_links":{"self":[{"href":"https:\/\/teks-park.com\/tr\/wp-json\/wp\/v2\/pages\/13160"}],"collection":[{"href":"https:\/\/teks-park.com\/tr\/wp-json\/wp\/v2\/pages"}],"about":[{"href":"https:\/\/teks-park.com\/tr\/wp-json\/wp\/v2\/types\/page"}],"author":[{"embeddable":true,"href":"https:\/\/teks-park.com\/tr\/wp-json\/wp\/v2\/users\/1"}],"replies":[{"embeddable":true,"href":"https:\/\/teks-park.com\/tr\/wp-json\/wp\/v2\/comments?post=13160"}],"version-history":[{"count":56,"href":"https:\/\/teks-park.com\/tr\/wp-json\/wp\/v2\/pages\/13160\/revisions"}],"predecessor-version":[{"id":16757,"href":"https:\/\/teks-park.com\/tr\/wp-json\/wp\/v2\/pages\/13160\/revisions\/16757"}],"wp:attachment":[{"href":"https:\/\/teks-park.com\/tr\/wp-json\/wp\/v2\/media?parent=13160"}],"curies":[{"name":"wp","href":"https:\/\/api.w.org\/{rel}","templated":true}]}}